{"id":7655,"date":"2019-10-07T15:11:10","date_gmt":"2020-07-08T02:42:13","guid":{"rendered":"https:\/\/animalinharmony.com\/?post_type=product&#038;p=7655"},"modified":"2020-07-09T18:24:29","modified_gmt":"2020-07-09T16:24:29","slug":"curso-de-certificacion-zoofarmacognosis-modulos-7-y-8","status":"publish","type":"product","link":"https:\/\/animalinharmony.com\/es\/producto\/curso-de-certificacion-zoofarmacognosis-modulos-7-y-8\/","title":{"rendered":"Curso de Certificaci\u00f3n Zoofarmacognosis M\u00f3dulos 7 y 8"},"content":{"rendered":"<p>\u00c9ste es el cuarto y \u00faltimo trimestre del Curso de Certificaci\u00f3n de Zoofarmacognosis Aplicada, que consta de los m\u00f3dulos 7 y 8.<\/p>\n<p>Si lo prefiere, puede comprar este curso en su totalidad (los ocho m\u00f3dulos) <a href=\"https:\/\/animalinharmony.com\/es\/producto\/curso-de-certificacion-zoofarmacognosis\/\">aqu\u00ed<\/a>.<\/p>\n","protected":false},"excerpt":{"rendered":"<p>\u00c9ste es el cuarto y \u00faltimo trimestre del Curso de Certificaci\u00f3n de Zoofarmacognosis Aplicada, que consta de los m\u00f3dulos 7 y 8. Si lo prefiere, puede comprar este curso en su totalidad (los ocho m\u00f3dulos) aqu\u00ed.<\/p>\n","protected":false},"featured_media":3787,"template":"","meta":[],"product_brand":[],"product_cat":[150],"product_tag":[],"class_list":{"0":"post-7655","1":"product","2":"type-product","3":"status-publish","4":"has-post-thumbnail","6":"product_cat-cursos","8":"first","9":"instock","10":"virtual","11":"sold-individually","12":"purchasable","13":"product-type-course"},"_links":{"self":[{"href":"https:\/\/animalinharmony.com\/es\/wp-json\/wp\/v2\/product\/7655","targetHints":{"allow":["GET"]}}],"collection":[{"href":"https:\/\/animalinharmony.com\/es\/wp-json\/wp\/v2\/product"}],"about":[{"href":"https:\/\/animalinharmony.com\/es\/wp-json\/wp\/v2\/types\/product"}],"wp:featuredmedia":[{"embeddable":true,"href":"https:\/\/animalinharmony.com\/es\/wp-json\/wp\/v2\/media\/3787"}],"wp:attachment":[{"href":"https:\/\/animalinharmony.com\/es\/wp-json\/wp\/v2\/media?parent=7655"}],"wp:term":[{"taxonomy":"product_brand","embeddable":true,"href":"https:\/\/animalinharmony.com\/es\/wp-json\/wp\/v2\/product_brand?post=7655"},{"taxonomy":"product_cat","embeddable":true,"href":"https:\/\/animalinharmony.com\/es\/wp-json\/wp\/v2\/product_cat?post=7655"},{"taxonomy":"product_tag","embeddable":true,"href":"https:\/\/animalinharmony.com\/es\/wp-json\/wp\/v2\/product_tag?post=7655"}],"curies":[{"name":"wp","href":"https:\/\/api.w.org\/{rel}","templated":true}]}}