{"id":7651,"date":"2019-10-03T03:02:47","date_gmt":"2019-10-03T01:02:47","guid":{"rendered":"https:\/\/animalinharmony.com\/product\/curso-de-certificacion-zoofarmacognosis\/"},"modified":"2020-07-09T18:17:51","modified_gmt":"2020-07-09T16:17:51","slug":"curso-de-certificacion-zoofarmacognosis","status":"publish","type":"product","link":"https:\/\/animalinharmony.com\/es\/producto\/curso-de-certificacion-zoofarmacognosis\/","title":{"rendered":"Curso de Certificaci\u00f3n Zoofarmacognosis"},"content":{"rendered":"<p>Mi curso de certificaci\u00f3n en zoofarmacognosis es una exploraci\u00f3n de c\u00f3mo los animales pueden automedicarse para reparar, mejorar y mantener su salud f\u00edsica, mental y emocional.<\/p>\n<p>\u00c9ste es un viaje fascinante durante el cual aprendemos a dejar de lado nuestras ideas preconcebidas y dejarnos guiar por los animales con los que estamos trabajando. No es tan f\u00e1cil a veces cuando estamos acostumbrados a decidir sobre cada aspecto de su vida: lo que comer\u00e1n y cu\u00e1ndo; d\u00f3nde y con qui\u00e9n podr\u00e1n jugar o pasear, los cuidados veterinarios que necesitan \u2026. Puede ser una curva de aprendizaje bastante empinada, pero nuestros animales nos lo agradecer\u00e1n si les damos la oportunidad de emplear su sabidur\u00eda innata para elegir lo que m\u00e1s les conviene.<\/p>\n<p>Espero que se unir\u00e1n a este viaje por el mundo de las plantas y los minerales durante el cual aprenderemos c\u00f3mo pueden ser beneficiosos para los animales.<\/p>\n<p>Para ver lo que este curso le puede ofrecer y c\u00f3mo puede ayudar a los animales que comparten nuestra vida,\u00a0<a href=\"https:\/\/animalinharmony.com\/wp-content\/uploads\/visitor-info.pdf\" target=\"_blank\" rel=\"noreferrer noopener\"><strong>haga clic aqu\u00ed!<\/strong><\/a><\/p>\n<p>Mary J. Rodriguez M.A. (Hons); Dip. Ed.; Dip IAZ;<\/p>\n<p>Terapeuta certificada de Tellington Touch\u00ae Senior Advanced<\/p>\n","protected":false},"excerpt":{"rendered":"<p>Mi curso de certificaci\u00f3n en zoofarmacognosis es una exploraci\u00f3n de c\u00f3mo los animales pueden automedicarse para reparar, mejorar y mantener su salud f\u00edsica, mental y emocional. \u00c9ste es un viaje fascinante durante el cual aprendemos a dejar de lado nuestras ideas preconcebidas y dejarnos guiar por los animales con los que estamos trabajando. No es  [&#8230;]<\/p>\n","protected":false},"featured_media":3787,"template":"","meta":[],"product_brand":[],"product_cat":[150],"product_tag":[],"class_list":{"0":"post-7651","1":"product","2":"type-product","3":"status-publish","4":"has-post-thumbnail","6":"product_cat-cursos","8":"first","9":"instock","10":"virtual","11":"sold-individually","12":"purchasable","13":"product-type-course"},"_links":{"self":[{"href":"https:\/\/animalinharmony.com\/es\/wp-json\/wp\/v2\/product\/7651","targetHints":{"allow":["GET"]}}],"collection":[{"href":"https:\/\/animalinharmony.com\/es\/wp-json\/wp\/v2\/product"}],"about":[{"href":"https:\/\/animalinharmony.com\/es\/wp-json\/wp\/v2\/types\/product"}],"wp:featuredmedia":[{"embeddable":true,"href":"https:\/\/animalinharmony.com\/es\/wp-json\/wp\/v2\/media\/3787"}],"wp:attachment":[{"href":"https:\/\/animalinharmony.com\/es\/wp-json\/wp\/v2\/media?parent=7651"}],"wp:term":[{"taxonomy":"product_brand","embeddable":true,"href":"https:\/\/animalinharmony.com\/es\/wp-json\/wp\/v2\/product_brand?post=7651"},{"taxonomy":"product_cat","embeddable":true,"href":"https:\/\/animalinharmony.com\/es\/wp-json\/wp\/v2\/product_cat?post=7651"},{"taxonomy":"product_tag","embeddable":true,"href":"https:\/\/animalinharmony.com\/es\/wp-json\/wp\/v2\/product_tag?post=7651"}],"curies":[{"name":"wp","href":"https:\/\/api.w.org\/{rel}","templated":true}]}}