{"id":1775,"date":"2019-05-25T15:57:17","date_gmt":"2019-05-25T14:03:40","guid":{"rendered":"https:\/\/animalinharmony.com\/?post_type=product&#038;p=1775"},"modified":"2019-05-25T16:37:08","modified_gmt":"2019-05-25T14:37:08","slug":"libre-eleccion","status":"publish","type":"product","link":"https:\/\/animalinharmony.com\/es\/producto\/libre-eleccion\/","title":{"rendered":"Libre Elecci\u00f3n"},"content":{"rendered":"<p><strong>Tapa blanda:<\/strong> 238 p\u00e1ginas<br \/>\n<strong>Editor:<\/strong> Edogtorial; Edici\u00f3n: 1 (21 de enero de 2019)<br \/>\n<strong>Idioma:<\/strong> Espa\u00f1ol<br \/>\n<strong>ISBN-10:<\/strong> 8494304151<br \/>\n<strong>ISBN-13:<\/strong> 978-8494304156<\/p>\n","protected":false},"excerpt":{"rendered":"<p>Tapa blanda: 238 p\u00e1ginas Editor: Edogtorial; Edici\u00f3n: 1 (21 de enero de 2019) Idioma: Espa\u00f1ol ISBN-10: 8494304151 ISBN-13: 978-8494304156<\/p>\n","protected":false},"featured_media":1702,"template":"","meta":[],"product_brand":[],"product_cat":[93],"product_tag":[],"class_list":{"0":"post-1775","1":"product","2":"type-product","3":"status-publish","4":"has-post-thumbnail","6":"product_cat-libros","8":"first","9":"instock","10":"shipping-taxable","11":"purchasable","12":"product-type-simple"},"_links":{"self":[{"href":"https:\/\/animalinharmony.com\/es\/wp-json\/wp\/v2\/product\/1775","targetHints":{"allow":["GET"]}}],"collection":[{"href":"https:\/\/animalinharmony.com\/es\/wp-json\/wp\/v2\/product"}],"about":[{"href":"https:\/\/animalinharmony.com\/es\/wp-json\/wp\/v2\/types\/product"}],"wp:featuredmedia":[{"embeddable":true,"href":"https:\/\/animalinharmony.com\/es\/wp-json\/wp\/v2\/media\/1702"}],"wp:attachment":[{"href":"https:\/\/animalinharmony.com\/es\/wp-json\/wp\/v2\/media?parent=1775"}],"wp:term":[{"taxonomy":"product_brand","embeddable":true,"href":"https:\/\/animalinharmony.com\/es\/wp-json\/wp\/v2\/product_brand?post=1775"},{"taxonomy":"product_cat","embeddable":true,"href":"https:\/\/animalinharmony.com\/es\/wp-json\/wp\/v2\/product_cat?post=1775"},{"taxonomy":"product_tag","embeddable":true,"href":"https:\/\/animalinharmony.com\/es\/wp-json\/wp\/v2\/product_tag?post=1775"}],"curies":[{"name":"wp","href":"https:\/\/api.w.org\/{rel}","templated":true}]}}