{"id":8608,"date":"2020-12-14T15:46:20","date_gmt":"2020-12-14T14:46:20","guid":{"rendered":"https:\/\/animalinharmony.com\/?page_id=8608"},"modified":"2020-12-14T15:46:20","modified_gmt":"2020-12-14T14:46:20","slug":"el-valor-de-la-cooperacion","status":"publish","type":"page","link":"https:\/\/animalinharmony.com\/es\/el-valor-de-la-cooperacion\/","title":{"rendered":"El valor de la cooperaci\u00f3n"},"content":{"rendered":"<p><strong>El Valor de la Cooperaci\u00f3n<\/strong><\/p>\n<p>Hace unos a\u00f1os durante un viaje a Guatemala me contaron el siguiente chiste.<\/p>\n<p>\u201cUn hombre fue al mercado local donde vio que un vendedor de pescado ten\u00eda dos barriles. En cada barril hab\u00eda gambas. Un barril llevaba un precio y otro un precio superior. Un barril estaba abierto y el otro tapado.<\/p>\n<p>El hombre pregunt\u00f3 al vendedor, \u2018\u00bfPor qu\u00e9 hay tanta diferencia de precio?. El vendedor le respondi\u00f3, \u2018 Porque los del barril abierto son gambas de Guatemala y estas otras son de importaci\u00f3n.\u2019<\/p>\n<p>\u2018Y \u00bfpor qu\u00e9 hay un barril descubierto y el otro est\u00e1 tapado?\u2019<\/p>\n<p>\u2018Pues porque las gambas del barril abierto, al ser de Guatemala, no salen. Si una intenta salir, las otras se encargan de agarrarla y bajarla de nuevo. En cambio las gambas japonesas se ayudan mutuamente y se a\u00fapan. Por eso est\u00e1 el barril tapado porque si no se escapar\u00edan todas.\u2019<\/p>\n<p>\u00a1Ser\u00eda fant\u00e1stico si aprendi\u00e9semos de las gambas japonesas! Saldr\u00edamos ganando todos, pero sobre todo saldr\u00edan ganando los animales que profesamos querer ayudar. Los m\u00e9todos de educaci\u00f3n en positivo que usamos est\u00e1n basados en el respeto mutuo y la cooperaci\u00f3n. Para poder forjar un v\u00ednculo de cooperaci\u00f3n con los animales de otra especie primero tenemos que saber forjarlo entre nosotros.<\/p>\n<p>\u2018\u00c9sa es mi esperanza para estas Navidades y para el Nuevo A\u00f1o que est\u00e1 a la vuelta de la \u00a0esquina.<\/p>\n<p>&nbsp;<\/p>\n","protected":false},"excerpt":{"rendered":"<p>El Valor de la Cooperaci\u00f3n Hace unos a\u00f1os durante un viaje a Guatemala me contaron el siguiente chiste. \u201cUn hombre fue al mercado local donde vio que un vendedor de pescado ten\u00eda dos barriles. En cada barril hab\u00eda gambas. Un barril llevaba un precio y otro un precio superior. Un barril estaba abierto y el  [&#8230;]<\/p>\n","protected":false},"author":3,"featured_media":0,"parent":0,"menu_order":0,"comment_status":"closed","ping_status":"closed","template":"","meta":{"footnotes":""},"class_list":["post-8608","page","type-page","status-publish","hentry"],"_links":{"self":[{"href":"https:\/\/animalinharmony.com\/es\/wp-json\/wp\/v2\/pages\/8608","targetHints":{"allow":["GET"]}}],"collection":[{"href":"https:\/\/animalinharmony.com\/es\/wp-json\/wp\/v2\/pages"}],"about":[{"href":"https:\/\/animalinharmony.com\/es\/wp-json\/wp\/v2\/types\/page"}],"author":[{"embeddable":true,"href":"https:\/\/animalinharmony.com\/es\/wp-json\/wp\/v2\/users\/3"}],"replies":[{"embeddable":true,"href":"https:\/\/animalinharmony.com\/es\/wp-json\/wp\/v2\/comments?post=8608"}],"version-history":[{"count":1,"href":"https:\/\/animalinharmony.com\/es\/wp-json\/wp\/v2\/pages\/8608\/revisions"}],"predecessor-version":[{"id":8609,"href":"https:\/\/animalinharmony.com\/es\/wp-json\/wp\/v2\/pages\/8608\/revisions\/8609"}],"wp:attachment":[{"href":"https:\/\/animalinharmony.com\/es\/wp-json\/wp\/v2\/media?parent=8608"}],"curies":[{"name":"wp","href":"https:\/\/api.w.org\/{rel}","templated":true}]}}