{"id":57,"date":"2016-09-06T02:56:38","date_gmt":"2016-09-06T00:56:38","guid":{"rendered":"http:\/\/animalinharmony.com\/?page_id=57&#038;lang=es"},"modified":"2022-01-31T15:31:06","modified_gmt":"2022-01-31T14:31:06","slug":"vinculos","status":"publish","type":"page","link":"https:\/\/animalinharmony.com\/es\/vinculos\/","title":{"rendered":"Enlaces"},"content":{"rendered":"<h2>Zoopharmacognosis<\/h2>\n<p><a href=\"http:\/\/www.ingraham.co.uk\" target=\"_blank\" rel=\"noopener noreferrer\">Ingraham.co.uk<\/a><br \/>\n<a href=\"http:\/\/www.alternativevet.org\" target=\"_blank\" rel=\"noopener noreferrer\">Alternative Vet<\/a><\/p>\n<h2>Recursos y Suministros<\/h2>\n<p><a href=\"https:\/\/www.carolineingraham.com\/shop\/\">Caroline Ingraham Tienda<\/a><\/p>\n<p><a href=\"http:\/\/www.bioaromacrete.com\">Bioaroma Crete<\/a><\/p>\n<p><a href=\"http:\/\/www.florihana.com\">Florihana<\/a><\/p>\n<h2>Servicios Varios para animales<\/h2>\n<p><a href=\"http:\/\/www.doggieshome.es\">Guarder\u00eda diurna y nocturna; Psicolog\u00eda canina; Paseos por bosques y playas; Meditaci\u00f3n con tus animales<\/a><\/p>\n<h2>Libros<\/h2>\n<p><a href=\"http:\/\/www.edogtorial.com\/libros\/104-libre-eleccion-zoofarmacognosis-aplicada-los-animales-se-automedican.html?live_configurator_token=4046edff2af9e8fcd7018f0f42076a6d&amp;id_shop=1&amp;id_employee=1&amp;theme=&amp;theme_font=\">\u00abLibre Elecci\u00f3n\u00bb Mary J. Rodr\u00edguez<\/a><\/p>\n","protected":false},"excerpt":{"rendered":"<p>Zoopharmacognosis Ingraham.co.uk Alternative Vet Recursos y Suministros Caroline Ingraham Tienda Bioaroma Crete Florihana Servicios Varios para animales Guarder\u00eda diurna y nocturna; Psicolog\u00eda canina; Paseos por bosques y playas; Meditaci\u00f3n con tus animales Libros \u00abLibre Elecci\u00f3n\u00bb Mary J. Rodr\u00edguez<\/p>\n","protected":false},"author":1,"featured_media":0,"parent":0,"menu_order":0,"comment_status":"closed","ping_status":"closed","template":"","meta":{"footnotes":""},"class_list":["post-57","page","type-page","status-publish","hentry"],"_links":{"self":[{"href":"https:\/\/animalinharmony.com\/es\/wp-json\/wp\/v2\/pages\/57","targetHints":{"allow":["GET"]}}],"collection":[{"href":"https:\/\/animalinharmony.com\/es\/wp-json\/wp\/v2\/pages"}],"about":[{"href":"https:\/\/animalinharmony.com\/es\/wp-json\/wp\/v2\/types\/page"}],"author":[{"embeddable":true,"href":"https:\/\/animalinharmony.com\/es\/wp-json\/wp\/v2\/users\/1"}],"replies":[{"embeddable":true,"href":"https:\/\/animalinharmony.com\/es\/wp-json\/wp\/v2\/comments?post=57"}],"version-history":[{"count":8,"href":"https:\/\/animalinharmony.com\/es\/wp-json\/wp\/v2\/pages\/57\/revisions"}],"predecessor-version":[{"id":9715,"href":"https:\/\/animalinharmony.com\/es\/wp-json\/wp\/v2\/pages\/57\/revisions\/9715"}],"wp:attachment":[{"href":"https:\/\/animalinharmony.com\/es\/wp-json\/wp\/v2\/media?parent=57"}],"curies":[{"name":"wp","href":"https:\/\/api.w.org\/{rel}","templated":true}]}}