{"id":55,"date":"2016-09-06T02:56:02","date_gmt":"2016-09-06T00:56:02","guid":{"rendered":"http:\/\/animalinharmony.com\/?page_id=55&#038;lang=es"},"modified":"2019-05-25T16:31:51","modified_gmt":"2019-05-25T14:31:51","slug":"inicio","status":"publish","type":"page","link":"https:\/\/animalinharmony.com\/es\/","title":{"rendered":"Inicio"},"content":{"rendered":"<div class=\"fusion-fullwidth fullwidth-box fusion-builder-row-1 hundred-percent-fullwidth non-hundred-percent-height-scrolling\" style=\"--awb-border-radius-top-left:0px;--awb-border-radius-top-right:0px;--awb-border-radius-bottom-right:0px;--awb-border-radius-bottom-left:0px;--awb-overflow:visible;--awb-flex-wrap:wrap;\" ><div class=\"fusion-builder-row fusion-row\"><div class=\"fusion-layout-column fusion_builder_column fusion-builder-column-0 fusion_builder_column_2_3 2_3 fusion-two-third fusion-column-first\" style=\"--awb-bg-size:cover;width:65.3333%; margin-right: 4%;\"><div class=\"fusion-column-wrapper fusion-flex-column-wrapper-legacy\"><div class=\"fusion-text fusion-text-1\"><h1>Zoofarmacognosis para Espa\u00f1a y Am\u00e9rica Latina con Mary Rodr\u00edguez<\/h1>\n<p>\u00a1Bienvenidos al fascinante mundo de zoofarmacognosis!<\/p>\n<p>La palabra \u00abzoofarmacognosis\u00bb fue inventada por el Dr. Eloy Rodr\u00edguez, un bioqu\u00edmico de la Universidad de Cornell en EE.UU. Deriva de tres palabras griegas:<\/p>\n<ul>\n<li style=\"text-align: left;\"><em>zoo<\/em> que significa animal<\/li>\n<li style=\"text-align: left;\"><em>pharmakon<\/em> que significa medicina<\/li>\n<li style=\"text-align: left;\"><em>gnosis<\/em> que significa conocimiento<\/li>\n<\/ul>\n<p>A lo largo de su proceso evolutivo los animales han desarrollado estrategias para afrontar potenciales amenazas, tales como las heridas o las enfermedades. Una de esta estrategias es el autotratamiento mediante el uso de elementos medicinales que se encuentran en el medio natural. La zoofarmacognosis es el proceso mediante el cual los animales se automedican utilizando plantas y sus aceites esenciales, algas, arcillas y otros remedios naturales. As\u00ed los animales pueden emplear su capacidad innata para prevenir la enfermedad.<\/p>\n<p>Sin embargo, cuando los animales viven en cautiverio o en ambientes urbanos, normalmente no tienen acceso a las plantas terap\u00e9uticas. La zoofarmacognosis aplicada pretende suplir esta carencia ofreciendo a los animales dom\u00e9sticos o cautivos elementos secundarios, tales como los aceites esenciales, hierbas en polvo etc., para que puedan automedicarse. As\u00ed, los animales pueden elegir los remedios que consideran necesarios en cada momento y de esta manera pueden controlar su propia salud.<\/p>\n<p>El animal puede:<\/p>\n<ul>\n<li>olfatear<\/li>\n<li>inhalar o<\/li>\n<li>ingerir las metabolitas<\/li>\n<\/ul>\n<p>\u00a1En ning\u00fan momento se fuerza a ning\u00fan animal a aceptar un extracto!<\/p>\n<p>La zoofarmacognosis aplicada puede ayudar a los animales a restaurar o mantener su propia salud f\u00edsica y su bienestar y armon\u00eda mentales y emocionales.<\/p>\n<\/div><div class=\"fusion-clearfix\"><\/div><\/div><\/div><div class=\"fusion-layout-column fusion_builder_column fusion-builder-column-1 fusion_builder_column_1_3 1_3 fusion-one-third fusion-column-last\" style=\"--awb-bg-size:cover;width:30.6666%;\"><div class=\"fusion-column-wrapper fusion-flex-column-wrapper-legacy\"><div class=\"fusion-widget-area awb-widget-area-element fusion-widget-area-1 fusion-content-widget-area\" style=\"--awb-title-size:18px;--awb-title-color:#467500;--awb-padding:0px 0px 0px 0px;\"><div id=\"custom_html-3\" class=\"widget_text widget widget_custom_html\"><div class=\"heading\"><h4 class=\"widget-title\">\u00a1Mi nuevo libro!<\/h4><\/div><div class=\"textwidget custom-html-widget\"><a href=\"https:\/\/animalinharmony.com\/es\/producto\/libre-eleccion\/\"><img decoding=\"async\" src=\"https:\/\/animalinharmony.com\/wp-content\/uploads\/Portada-LIBRE-ELECCION.jpg\" alt=\"\" class=\"home-page-product\">\r\n<p>Mi libro sobre aceites esenciales y otras sustancias que los animales eligen con frecuencia en las sesiones de zoofarmacognosia se acaba de publicar. Haga clic aqu\u00ed para mas informaci\u00f3n.<\/p><\/a><\/div><\/div><div class=\"fusion-additional-widget-content\"><\/div><\/div><div class=\"fusion-clearfix\"><\/div><\/div><\/div><\/div><\/div>\n","protected":false},"excerpt":{"rendered":"","protected":false},"author":1,"featured_media":0,"parent":0,"menu_order":0,"comment_status":"closed","ping_status":"closed","template":"","meta":{"footnotes":""},"class_list":["post-55","page","type-page","status-publish","hentry"],"_links":{"self":[{"href":"https:\/\/animalinharmony.com\/es\/wp-json\/wp\/v2\/pages\/55","targetHints":{"allow":["GET"]}}],"collection":[{"href":"https:\/\/animalinharmony.com\/es\/wp-json\/wp\/v2\/pages"}],"about":[{"href":"https:\/\/animalinharmony.com\/es\/wp-json\/wp\/v2\/types\/page"}],"author":[{"embeddable":true,"href":"https:\/\/animalinharmony.com\/es\/wp-json\/wp\/v2\/users\/1"}],"replies":[{"embeddable":true,"href":"https:\/\/animalinharmony.com\/es\/wp-json\/wp\/v2\/comments?post=55"}],"version-history":[{"count":17,"href":"https:\/\/animalinharmony.com\/es\/wp-json\/wp\/v2\/pages\/55\/revisions"}],"predecessor-version":[{"id":1825,"href":"https:\/\/animalinharmony.com\/es\/wp-json\/wp\/v2\/pages\/55\/revisions\/1825"}],"wp:attachment":[{"href":"https:\/\/animalinharmony.com\/es\/wp-json\/wp\/v2\/media?parent=55"}],"curies":[{"name":"wp","href":"https:\/\/api.w.org\/{rel}","templated":true}]}}