{"id":51,"date":"2016-09-06T02:54:36","date_gmt":"2016-09-06T00:54:36","guid":{"rendered":"http:\/\/animalinharmony.com\/?page_id=51&#038;lang=es"},"modified":"2024-06-08T11:30:31","modified_gmt":"2024-06-08T09:30:31","slug":"articulos","status":"publish","type":"page","link":"https:\/\/animalinharmony.com\/es\/articulos\/","title":{"rendered":"Art\u00edculos"},"content":{"rendered":"<h3><a href=\"https:\/\/animalinharmony.com\/es\/una-sesion-de-zoofarmacognosis-a-distancia\/\">El viaje de Charley hacia la zoofarmacognosis aplicada<\/a><\/h3>\n<h3><a href=\"https:\/\/animalinharmony.com\/es\/seguimiento-rhodiola-complex\/\">Seguimiento Rhodiola Complex<\/a><\/h3>\n<h3><a href=\"https:\/\/animalinharmony.com\/es\/la-pausa-consciente\/\">La pausa consciente<\/a><\/h3>\n<h3><a href=\"https:\/\/animalinharmony.com\/es\/los-misterios-de-la-orientacion\/\">Los misterios de la orientaci\u00f3n<\/a><\/h3>\n<h3><a href=\"https:\/\/animalinharmony.com\/es\/las-fiestas-la-npirotecnia-y-el-estres\/\">Las fiestas, la pirotecnia y el estr\u00e9s<\/a><\/h3>\n<h3><a href=\"https:\/\/www.youtube.com\/watch?v=pQAtEQbSGzs\">\u00bfQu\u00e9 tienen en com\u00fan un cient\u00edfico ruso y un tr\u00edo de joyas herbales?<\/a><\/h3>\n<h3><a href=\"https:\/\/open.substack.com\/pub\/maryjrodriguez\/p\/suplementos-para-los-perros?r=2g54kn&amp;utm_campaign=post&amp;utm_medium=web\">Suplementos para los perros<\/a><\/h3>\n<h3><a href=\"https:\/\/animalinharmony.com\/es\/el-poder-de-los-ojos\/\">El poder de los ojos<\/a><\/h3>\n<h3><a href=\"https:\/\/animalinharmony.com\/es\/gatita-mummy-demencia-senil-y-aconitum-napellus\/\">Gatita Mummy, demencia senil y Aconitum napellus<\/a><\/h3>\n<h3><a href=\"https:\/\/animalinharmony.com\/es\/sistema-nervioso-simpatico-a-tope\/\">\u00a1Sistema nervioso simp\u00e1tico a tope!<\/a><\/h3>\n<h3><a href=\"https:\/\/animalinharmony.com\/es\/emergency-measures\/\">Medidas de emergencia <\/a><\/h3>\n<h3><a href=\"https:\/\/animalinharmony.com\/es\/arena-abscesos-y-cojera\/\">Arena, abscesos y cojera<\/a><\/h3>\n<h3><a href=\"https:\/\/animalinharmony.com\/es\/desafios-de-verano-e-incompatibilidades-gatitos-y-golondrinas\/\">Desaf\u00edos de verano e incompatibilidades: gatitos y golondrinas<\/a><\/h3>\n<h3><a href=\"https:\/\/animalinharmony.com\/es\/residencias-caninas\/\">Residencias caninas y las vacaciones<\/a><\/h3>\n<h3><a href=\"https:\/\/animalinharmony.com\/es\/cosas-grandes-y-pequenas\/\">El dolor de las despedidas<\/a><\/h3>\n<h3><a href=\"https:\/\/animalinharmony.com\/es\/aceite-esencial-de-manuka\/\">Aceite esencial de m\u00e1nuka<\/a><\/h3>\n<h3><a href=\"https:\/\/animalinharmony.com\/es\/zoofarmacognosis-espontanea\/\">Zoofarmacognosis espont\u00e1nea<\/a><\/h3>\n<h3><a href=\"https:\/\/animalinharmony.com\/es\/curcuma-aceite-esencial\/\">Aceite esencial de c\u00farcuma<\/a><\/h3>\n<h3><a href=\"https:\/\/animalinharmony.com\/es\/apio-aceite-esencial\/\">Aceite esencial de apio<\/a><\/h3>\n<h3><a href=\"https:\/\/animalinharmony.com\/es\/la-vista\/\">La vista<\/a><\/h3>\n<h3><a href=\"https:\/\/animalinharmony.com\/es\/zoofarma-espontanea-en-accion\/\">Zoofarmacognosis espont\u00e1nea en acci\u00f3n<\/a><\/h3>\n<h3><a href=\"https:\/\/animalinharmony.com\/es\/luna-una-yegua-shetland\/\">Luna: un caso de \u00e1caros mordedores<\/a><\/h3>\n<h3><a href=\"https:\/\/animalinharmony.com\/es\/que-es-la-zoofarmacognosis-un-articulo-academico\/\">\u00bfQu\u00e9 es la zoofarmacognosis? Un art\u00edculo acad\u00e9mico<\/a><\/h3>\n<h3><a href=\"https:\/\/animalinharmony.com\/es\/sesion-de-zoofarma-con-salma\/\">Sesi\u00f3n de zoofarma con Salma<\/a><\/h3>\n<h3><a href=\"https:\/\/youtu.be\/NLvJ2o2sIrk\">El cachorrito Walter con aceite esencial de hoja de violeta<\/a><\/h3>\n<h3><a href=\"https:\/\/animalinharmony.com\/wp-content\/uploads\/La-cuenta-bancaria-canina.pdf\">La cuenta bancaria canina<\/a><\/h3>\n<h3><a href=\"https:\/\/animalinharmony.com\/wp-content\/uploads\/Permisos-y-consentimiento.pdf\">Permisos y consentimiento<\/a><\/h3>\n<h3><a href=\"https:\/\/animalinharmony.com\/wp-content\/uploads\/Bienestar-animal.pdf\">Bienestar animal &#8211; \u00a1o no!<\/a><\/h3>\n<h3><a href=\"https:\/\/animalinharmony.com\/es\/sangre-de-drago-3\/\">Sangre de Drago Perfil<\/a><\/h3>\n<h3><a href=\"https:\/\/animalinharmony.com\/wp-content\/uploads\/Frecuencias-AE.pdf\">La frecuencia vibratoria de algunos aceites esenciales de uso com\u00fan<\/a><\/h3>\n<h3><a href=\"https:\/\/animalinharmony.com\/wp-content\/uploads\/Espino-falso-o-amarillo.pdf\">Espino Falso o Amarillo perfil<\/a><\/h3>\n<h3><a href=\"https:\/\/animalinharmony.com\/wp-content\/uploads\/Sau\u0301co-Sambucus-nigra-perfil.pdf\">Sau\u0301co Sambucus nigra perfil<\/a><\/h3>\n<h3><a href=\"https:\/\/animalinharmony.com\/es\/el-valor-de-la-cooperacion\/\">El valor de la cooperaci\u00f3n<\/a><\/h3>\n<h3><a href=\"https:\/\/animalinharmony.com\/es\/neem\/\">Neem como planta medicinal <\/a><\/h3>\n<h3><a href=\"https:\/\/animalinharmony.com\/es\/mezquite-y-los-trastornos-intestinales\/\">Mezquite y los trastornos intestinales<\/a><\/h3>\n<h3><a href=\"https:\/\/animalinharmony.com\/es\/alimentos-frios\/\">Alimentos \u00abfr\u00edos\u00bb<\/a><\/h3>\n<h3><a href=\"https:\/\/animalinharmony.com\/es\/el-pomelo-y-el-cancer\/\">El pomelo y el c\u00e1ncer<\/a><\/h3>\n<h3><a href=\"https:\/\/animalinharmony.com\/es\/flor-de-sauco-co2-y-un-caso-de-glaucoma-en-estado-avanzado\/\">Flor de sa\u00faco CO2 y un caso de glaucoma en estado avanzado<\/a><\/h3>\n<h3><a href=\"https:\/\/animalinharmony.com\/es\/cambios-y-sus-consecuencias\/\">Cambios y sus consecuencias<\/a><\/h3>\n<h3><a href=\"https:\/\/issuu.com\/animaliharmony\/docs\/sasha_tribute?fbclid=IwAR0zY7dC0BPsqivfDHCMRMxDsKkiHkUlGT2-9HVb0Je3o8jXUjNh5vtXf6A\">Sasha: la historia de un perro muy especial.<\/a><\/h3>\n<h3><a href=\"https:\/\/animalinharmony.com\/es\/son-peligrosos-para-los-gatos-los-aceites-esenciales-de-gaulteria-lino-y-ajo\/\">\u00bfSon peligrosos para los gatos los aceites esenciales de gaulteria, lino y ajo?<\/a><\/h3>\n<h3><a href=\"https:\/\/animalinharmony.com\/es\/la-seguridad-felina\/\">Los aceites esenciales y la seguridad felina<\/a><\/h3>\n<h3><a href=\"https:\/\/animalinharmony.com\/es\/circunstancias-que-pueden-condicionar-los-comportamientos\/\">C\u00f3mo las circunstancias pueden influenciar los comportamientos<\/a><\/h3>\n<h3><a href=\"https:\/\/animalinharmony.com\/es\/consciente-o-corazon-que-no-ve-corazon-que-no-siente\/\">\u00bfConsciente o &#8230; ojos que no ven, coraz\u00f3n que no siente?<\/a><\/h3>\n<h3><\/h3>\n<h3>Los siguientes articulos se reproducen con permiso de <a href=\"http:\/\/www.ingraham.co.uk\" target=\"_blank\" rel=\"noopener noreferrer\">http:\/\/www.ingraham.co.uk<\/a><\/h3>\n<h2>Los aceites esenciales y los gatos<\/h2>\n<p>En muchos sitios web se asevera que &#8216;Hay mucho informaci\u00f3n sobre la toxicidad de los aceites esenciales para los gatos&#8217;. Desafortunadamente estos sitios no citan sus fuentes de informaci\u00f3n, lo cual suele ser un indicador bastante fide digno de informaci\u00f3n sin fundamento. La realidad es que hay muy poca informaci\u00f3n sobre la toxicidad de los aceites esenciales para los gatos. No se debe fiar de un sitio web que no cita sus fuentes de informaci\u00f3n.<\/p>\n<p>Un examen extensivo de las publicaciones revela tan s\u00f3lo tres informes sobre la toxicidad de los aceites esenciales para los gatos: dos se refieren al aceite del \u00e1rbol del t\u00e9 (1,2) y el tercero trata de un potpourri (3). No existen otros informes sobre la toxicidad de otros aceites esenciales en gatos y dos publicaciones populares de toxicolog\u00eda veterinaria no lo mencionan tan siquiera. Hay bastantes referencias a plantas de interior t\u00f3xicas pero ninguna de \u00e9stas se encuentra entre las sustancias utilizadas en la zoofarmacognosis.<\/p>\n<p>La mayor preocupaci\u00f3n acerca de los gatos con respecto a las otras especies es m\u00e1s te\u00f3rica que real. La cuesti\u00f3n es que la actividad de glucoronil transferasa en los gatos es muy baja. El glucoronil transferasa es una enzima involucrada en la degradaci\u00f3n de ciertas sustancias qu\u00edmicas for\u00e1neas, entre ellas el alcool y, lo que es m\u00e1s importante, los fenoles (3). Muy pocos aceites esenciales contienen niveles significativos de fenoles: los m\u00e1s comunes son el clavo, la canela, la gaulteria, la b\u00e9tula amarilla (Betula alleghaniensis) y los quemotipos de tomillo ricos en fenoles.<\/p>\n<p>En nuestra experiencia y en la de nuestros estudiantes es rar\u00edsimo que un gato elija alguno de estos aceites esenciales. En los casos muy poco frecuentes en que esto ocurre los gatos se limitan a inhalar el aroma. Los gatos casi siempre eligen inhalar los aceites esenciales y casi nunca eligen la v\u00eda oral (la forma de administraci\u00f3n en los casos citados en las publicaciones es o bien t\u00f3pico o sin especificar). Algunos sitios web aseguran que tambi\u00e9n es un riesgo permitir que un gato inhale el aroma. Una vez m\u00e1s no existe evidencia alguna que esto sea as\u00ed, sobre todo si el aceite se ofrece en un lugar bien ventilado y el gato tiene la posibilidad de alejarse cuando quiere.<\/p>\n<p>Referencias<\/p>\n<ol>\n<li>Bischoff (1998). Australian tea tree (Melaleuca alternifolia) oil poisoning in three purebred cats. Journal of Veterinary Diagnostic Investigation<\/li>\n<li>Villard D, Knight MJ, Hansen SR et al (1994). Toxicity of Melaleuca oil and related essential oils applied topically on dogs and cats. Veterinary &amp; Human Toxicology 36: 139-142.<\/li>\n<li>Schildt Julie C.; Jutkowitz L. Ari; Beal Matthew W (2008). Potpourri Oil Toxicity in Cats (2000-2007) Journal of Veterinary Emergency and Critical Care 18: 515-516<\/li>\n<li>Peterson ME &amp; Talcott P (2007). Small Animal Toxicology. Elselvier Inc.<\/li>\n<li>Campbell A, Chapman M (2000). The Handbook of Poisoning in Dogs and Cats. Gray Publishing.<\/li>\n<\/ol>\n<hr \/>\n<h2>Cr\u00eda de elefante africano herido<\/h2>\n<p>Caroline Ingraham<\/p>\n<p>Una cr\u00eda de elefante africano de 6 meses de edad fue encontrada atrapada en un pozo y separada del resto de la manada cerca de la frontera entre Kenia y Tanzania. Ten\u00eda unas heridas grandes e infectadas en la zona lumbar y escapular de la espalda, y bajo la mand\u00edbula. La tromba hab\u00eda sido mutilada por hienas. Adem\u00e1s, mostraba s\u00edntomas de una posible pulmon\u00eda Klebsiella, falta de apetito y en general era miedosa.<\/p>\n<p>Ya le hab\u00edan sido suministrados dos cursos de antibi\u00f3ticos y los veterinarios se resist\u00edan a administrarle m\u00e1s ya que la administraci\u00f3n de antibi\u00f3ticos a largo plazo puede suponer un peligro tan grande como la infecci\u00f3n misma para las cr\u00edas cuyo sistema inmune est\u00e1 comprometido. El primer antibi\u00f3tico utilizado fue amoxycilina que fue administrado durante siete d\u00edas. El segundo, clauvulanate amoxycillina, fue administrado durante otros siete d\u00edas.<\/p>\n<p>Un mes despu\u00e9s del rescate Sinya segu\u00eda estando en muy malas condiciones. Se tem\u00eda que le entrase una septicemia y segu\u00eda estando muy deprimida. Entonces fue cuando se opt\u00f3 por darle a Sinya la oportunidad de automedicarse ofreci\u00e9ndole aceites esenciales y extractos de plantas. Ella misma elegir\u00eda las sustancias, la v\u00eda de administraci\u00f3n y la dosis.<\/p>\n<p>Fueron elegidas 14 sustancias a lo largo de 14 d\u00edas, siendo los m\u00e1s destacados la arcilla Illite (heridas), los aceites esenciales de ajo (infecci\u00f3n) y hoja de violeta (anxiol\u00edtico).<\/p>\n<p>La arcilla fue aplicada sobre la piel y los aceites esenciales fueron inhalados e ingeridos. A lo largo de este per\u00edodo ingiri\u00f3 aproximadamente 25ml de aceite esencial de ajo sin diluir. En cada toma inger\u00eda entre 0,5 &#8211; 5 ml. Despu\u00e9s del primer tratamiento la intervenci\u00f3n quir\u00fargica programada para limpiarle las heridas fue cancelada, y despu\u00e9s de dos semanas sus heridas se hab\u00edan sanado por completo: ya no ten\u00eda infecci\u00f3n alguna y no se apreciaba tejido necr\u00f3tico.<\/p>\n<p>En cambio, se hab\u00eda formado tejido granulado sano que proteg\u00eda la herida. Bajo condiciones normales, si no haberse instalado una septicemia primero, las heridas habr\u00edan estado llenas de gusanos. Adem\u00e1s, durante la segunda semana de tratamiento el comportamiento de Sinya se hizo m\u00e1s juguet\u00f3n (Hab\u00eda estado seleccionando aceites que afectan el comportamiento). Desde entonces no se ha informado de reca\u00edda alguna.<\/p>\n<p>La conlcusi\u00f3n que hemos sacado de este caso sugiere que es posible que los elefantes posean la capacidad de automedicarse y instamos que los veterinarios encargados de animales salvajes hagan m\u00e1s estudios al respecto. Postulamos que, visto que la cr\u00eda no hab\u00eda entrado en contacto antes con la mayor\u00eda de las sustancias ofrecidas, lo m\u00e1s probable es que su comportamiento respecto de los aceites esenciales es innato.<\/p>\n<p>Es posible que la v\u00eda sea mediante el sistema olfativo a trav\u00e9s del \u00f3rgano vomeronasal (antes de la ingesti\u00f3n exhib\u00eda la respuesta flehmen).<\/p>\n<p>Un mecanismo potencial para la arcilla Illite es m\u00e1s dif\u00edcil de delucidar ya que no contiene ninguna sustancia vol\u00e1til. Sin embargo, se necesitan m\u00e1s estudios para confirmar el v\u00ednculo entre el olfato y la automedicaci\u00f3n.<\/p>\n<p>Cr\u00edas de elefante automedic\u00e1ndose<\/p>\n<p>Se puede leer un informe en el sitio web de la Sheldrick Trust <a href=\"http:\/\/www.sheldrickwildlifetrust.org\/updates\/updates.asp?ID=131\" target=\"_blank\" rel=\"noopener noreferrer\">aqu\u00ed<\/a><\/p>\n<p><a href=\"http:\/\/www.youtube.com\/watch?v=SrF_Qgv11K8&amp;feature=player_embedded\" target=\"_blank\" rel=\"noopener noreferrer\">El v\u00eddeo aqu\u00ed<\/a> muestra a Caroline Ingrham trabajando con Shimba, otra cr\u00eda de elefante de la Sheldrick Trust. A la edad de tres meses Shimba fue encontrado intentando depertar a su madre que hab\u00eda muerto de inanici\u00f3n cuando su tromba qued\u00f3 atrapada por una trampa.<\/p>\n<hr \/>\n<h2>Una tigresa<\/h2>\n<p>Era necesario encontrar una soluci\u00f3n para una tigresa que a veces pon\u00eda en riesgo su propoia integridad y la de sus cuidadores. Pero \u00bfqui\u00e9n iba a pensar que su vida iba a cambiar debido a un aroma? El \u00e9xito de la pionera en el campo de la aromaterapia, Caroline Ingraham, al inducir un sentido de tranquilidad en una tigresa miedosa pod\u00eda abrir la puerta de la esperanza para otros felinos en cautiverio y \u00a1no digamos ya nada de los gatos dom\u00e9sticos con problemas!<\/p>\n<p>Ronja es una tigresa siberiana de tres a\u00f1os y medio que fue importada desde Alemania hace dos a\u00f1os por la Wildlife Heritage Foundation (WHF) en Kent (Inglaterra).<\/p>\n<p>Desde el primer momento mostr\u00f3 una rabia incontenida contra los hombres. Sus ataques eran tan feroces que se lastimaba a si misma y da\u00f1aba el cercado contra el cual se lanzaba.<\/p>\n<p>Dice Caroline: &#8216;Lleg\u00f3 a tener fama tanto dentro del zool\u00f3gico como en la comunidad de animales ex\u00f3ticos como uno de los tigres m\u00e1s feroces jam\u00e1s conocidos.&#8217; Cuidar de ella no era tarea f\u00e1cil. Era imposible encerrarla en su casa cuando hab\u00eda que limpiar el recinto. Hab\u00eda que encerrar el tigre vecino en su casa y pasarla a su recinto. Si se encerraba su reacci\u00f3n era tan violenta que los empleados tem\u00edan que se lastimase gravemente.<\/p>\n<p>A\u00f1ade Caroline: &#8216;Entonces fue cuando se plante\u00f3 la cuesti\u00f3n de si era justo mantener a Ronja con vida.&#8217; Mark Edgerly, el director de la WHF invit\u00f3 a Caroline a visitar en agosto. Aunque le intrigaba la posibilidad de que se pudiese conseguir algo con los aceites esenciales, Mark confiesa que al principio era bastante esc\u00e9ptico.<\/p>\n<p>Primero Caroline verti\u00f3 unas gotas sin diluir de cinco aceites esenciales previamente elegidos y de un aceite vegetal sobre seis tiras de madera. \u00c9stos son los aceites elegidos y la reacci\u00f3n de Ronja.<\/p>\n<ul>\n<li><strong>Flor de tilo:<\/strong> heridas f\u00edsicas\/temor a los hombres; sin reacci\u00f3n<\/li>\n<li><strong>Rosa otto:<\/strong> traumas anteriores; leve inter\u00e9s<\/li>\n<li><strong>Ylang Ylang:<\/strong> falta de autoestima\/confianza; ning\u00fan inter\u00e9s<\/li>\n<li><strong>Vetiver:<\/strong> ofrece estabilidad, ning\u00fan inter\u00e9s<\/li>\n<li><strong>Incienso:<\/strong> miedo, eligi\u00f3 este aroma a menudo<\/li>\n<\/ul>\n<p>Caroline a\u00f1ade: &#8216;Se alejar\u00eda un poco y luego volv\u00eda a por m\u00e1s. Repiti\u00f3 este comportamiento muchas veces a lo largo de una hora.&#8217;<\/p>\n<ul>\n<li><strong>Aceite vegetal de c\u00e1\u00f1amo:<\/strong> tranquiliza el sistema nervioso central; se acerc\u00f3 y lo lami\u00f3<\/li>\n<\/ul>\n<p>Explica Caroline: &#8216;Cuando Ronja elige su remedio se acerca a la tira de madera, la rodea para elevar el aroma y cuando est\u00e1 a punto de cerrar el c\u00edrculo hace una mueca para atraer el aroma hacia si.&#8217;<\/p>\n<p>El resultado fue inmediato y llamativo.<\/p>\n<p>&#8216;Entr\u00f3 en su casa para recuperar su comida mientras dos hombres estaban al lado, algo que jam\u00e1s hab\u00eda hecho antes. Cinco d\u00edas m\u00e1s tarde se apreciaban cambios positivos. Caroline recuerda: &#8216;Mientras estaba al lado del recinto de Ronja se acerc\u00f3 a Mark, su cuidador y el director de WHF; jam\u00e1s hab\u00eda podido estar tan cerca de ella sin ser atacado.&#8217;<\/p>\n<p>Desde entonces Caroline ha introducido otros aceites que pudiesen adecuarse al temperamento de Ronja y su habitat permitiendo a la tigresa elegir los que m\u00e1s le gustaban.<\/p>\n<ul>\n<li><strong>Incienso:<\/strong> miedos, interesada<\/li>\n<li><strong>Valeriana:<\/strong> sedativo potente; interesada<\/li>\n<li><strong>Ra\u00edz de Angelica:<\/strong> predispone el animal a sanarse; interesada<\/li>\n<li><strong>S\u00e1ndalo:<\/strong> miedo y apoya los ri\u00f1ones, un \u00f3rgano d\u00e9bil tanto en los gatos dom\u00e9sticos como los &#8216;grandes&#8217;; inter\u00e9s muy marcado<\/li>\n<li><strong>Menta:<\/strong> estimulante; interesada<\/li>\n<\/ul>\n<p>Sigue Caroline: &#8216;Ronja se dirigi\u00f3 directamente al s\u00e1ndalo. Este aceite ha suscitado el mayor grado de inter\u00e9s hasta el momento.<\/p>\n<p>Volvi\u00f3 al aceite de menta muchas veces a lo largo de dos horas, mostrando la respuesta flehmen cada vez que inhalaba el aroma. Paseaba por su recinto donde estaban los aceites y cada vez regresaba al s\u00e1ndalo, rode\u00e1ndolo y recogiendo el aroma. Despu\u00e9s de media hora dedicada al s\u00e1ndalo se dirigi\u00f3 hacia el aceite de menta, baj\u00f3 la cabeza e inhal\u00f3. Volvi\u00f3 varias veces antes de seleccionar la ra\u00edz de ang\u00e9lica a la cual tambi\u00e9n regres\u00f3 varias veces. De forma intermitente tambi\u00e9n volv\u00eda al s\u00e1ndalo que la atrae mucho. Luego Ronja regres\u00f3 a su zona de querencia.&#8217;<\/p>\n<p>Poco despu\u00e9s de la intervenci\u00f3n de Caroline lleg\u00f3 un grupo de fot\u00f3grafos que son visitantes regulares. La reacci\u00f3n normal de Ronja era la de atacar o esconderse en su casa &#8211; esta \u00fatima era la reacci\u00f3n m\u00e1s frecuente. Como entr\u00f3 en su casa, Mark decidi\u00f3 probar si el efecto de los aceites esenciales le permitir\u00eda encerrarla. Se qued\u00f3 absolutamente boquiabierto cuando Ronja acept\u00f3 ser encerrada. La casa est\u00e1 dise\u00f1ada de manera que los cuidadores pueden entrar y est\u00e1n protegidos por una valla met\u00e1lica.<\/p>\n<p>Antes, en cuanto viese que la puerta se abr\u00eda, Ronja se lanzaba sobre la valla cerca de la puerta de entrada del cuidador.. Normalmente era demasiado estresante tanto para el cuidador como para Ronja. &#8216;Mark se dirigi\u00f3 hacia la puerta y la abri\u00f3 lentamente. En vez de lanzarse sobre la valla, Ronja permaneci\u00f3 tumbada sobre su cama.<\/p>\n<p>&#8216;El siguiente experimento consisti\u00f3 en que Mark llevase el aceite favorito de Ronja para que ella lo considerase de manera m\u00e1s positiva. &#8216;Hab\u00eda seleccionado el aceite de rosa antes pero en ese momento no era uno de sus favoritos. Sin embargo, la experiencia me ha ense\u00f1ado que el aceite de rosa ayuda a la mayor\u00eda de los animales a enfrentarse a situaciones de estr\u00e9s,&#8217; explica Caroline. As\u00ed, pues, se puso aceite de rosa sobre el pecho de Mark, raiz de ang\u00e9lica sobre un brazo e incienso sobre el otro. Esta vez el efecto fue impresionante.<\/p>\n<p>Ronja le permitio entrar, tan s\u00f3lo gru\u00f1iendo de vez en cuando. Pudo sentarse con las piernas cruzadas delante de ella (la valla met\u00e1lica los separaba) mientras ella cerraba un ojo. Permaneci\u00f3 as\u00ed durante unos diez minutos. Nunca antes hab\u00eda estado tan cerca de una persona en todo el tiempo que llevaba con ellos. S\u00f3lo se hab\u00edan podido acercar si Ronja estaba bajo anestesia. Dice Mark: &#8216;Entr\u00e9 en el corredor esperando que se pusiese fren\u00e9tica como siempre, pero no lo hizo. Se enrosc\u00f3 y coloc\u00f3 la cabeza entre las patas. \u00a1No me lo pod\u00eda creer!&#8217;<\/p>\n<p>Desde que empezaron las visitas de Caroline Ronja no ha intentado atacar a los hombres con la violencia de antes y ya no la consideran un peligro. Desde octubre Ronja acepta ser encerrada en su casa sin armar un esc\u00e1ndalo.<\/p>\n<p>&#8216;Los profesionales del zool\u00f3gico que la vieron hace un a\u00f1o han notado una diferencia muy notable en su comportamiento. Ya no vemos esos ataques de rabia que ve\u00edamos antes.&#8217;<\/p>\n<p>&#8216;El aceite de s\u00e1ndalo sigue siendo su favorito. Incluso lleva trozos de madera a la zona del recinto donde come.&#8217; En cuanto sepa Mark, es la \u00fanica felina a gozar de los beneficios de los aceites esenciales. Espera que el \u00e9xito obtenido ayudar\u00e1 a otros como ella.<\/p>\n<hr \/>\n<h2>Oxitocina, TTouch, Zoofarmacognosis y la Ansiedad por Separaci\u00f3n<\/h2>\n<p><strong>La oxitocina <\/strong>es una hormona que act\u00faa principalmente como un neuromodulador en el cerebro. Evoca sensaciones de bienestar, reduce la ansiedad y fomenta la tranquilidad y sensaci\u00f3n de seguridad. De ah\u00ed que se cree que la oxitocina puede ser importante en la inhibici\u00f3n de las zonas del cerebro asociados con el control del comportamiento p.ej. miedo y ansiedad, reduciendo el estr\u00e9s. Se cree que la acci\u00f3n de reducir el miedo se produce porque inhibe la am\u00edgdala (o cerebro de reptil) que, seg\u00fan se cree, es responsable de las respuestas basadas en el miedo.<\/p>\n<p>La oxitocina reduce la ansiedad, baja la tension arterial, los niveles de cortisol, y reduce el dolor y el miedo. Fomenta el crecimiento. En ciertos experimentos han comprobado que cuando se eleva el nivel de oxitocina sanan con mayor rapidez las heridas.<\/p>\n<p>La producci\u00f3n de oxitocina tambi\u00e9n se estimula mediante el tacto suave, pero no s\u00f3lo. Tambi\u00e9n la estimulan el calor, la presi\u00f3n leve, caricias, ingesti\u00f3n de comida (sobre todo comidas grasas, el chocolate y los pimientos), los olores agradables y familiares, sonidos y una iluminaci\u00f3n tranquilizadores. Incluso estar en un entorno social agradable estimula la producci\u00f3n de oxitocina. De ah\u00ed se puede deducir que hay muchos elementos que favorecen la producci\u00f3n de esta hormona.<\/p>\n<p>El TTouch cumple con varios requisitos p.ej. el tacto suave que se usa para hacer el trabajo corporal; los TTouches tipo Marcha de No\u00e9 que son como caricias; la presi\u00f3n leve tanto de las TTouches como de los vendajes corporales sin olvidar que cuando hacemos este trabajo procuramos crear un espacio tranquilo y relajante.<\/p>\n<p>Una vez producida la hormona, no desaparece de manera instant\u00e1nea por lo que creo que no contribuir\u00eda a la ansiedad por separaci\u00f3n sino todo lo contrario.\u00a0 Conocida tambi\u00e9n como la hormona de la confianza, en las parejas humanas crea el entorno adecuada para que puedan confiar el uno en la otra y sobre ella se basa la vinculaci\u00f3n como grupo humano: incluso los neopap\u00e1s la experimentan y as\u00ed se cimienta la fidelidad de la pareja y el vinculo entre padre e hijo\/a.<\/p>\n<p>Por lo tanto, creo que en casos de ansiedad por separaci\u00f3n, desde el punto de vista de TTouch, si se hace el trabajo corporal y\/o se pone un vendaje corporal antes de dejar el animal solo se alivia cualquier estr\u00e9s que pueda producir la separaci\u00f3n al reducir el miedo, la producci\u00f3n de cortisol etc.<\/p>\n<p>Para los que han hecho el curso introductorio de zoofarmacognosis Conviene destacar que los olores tambi\u00e9n estimulan la producci\u00f3n de oxitocina por lo que la pr\u00e7actoca de la zoofarmacognosis puede ser muy beneficiosa. Tambi\u00e9n es interesante notar que las neuronas magnocelulares que producen la oxitocina se encuentran cerca de las que hacen la vasopresina que es una de las sustancias clave en los comportamientos reactivos.<\/p>\n<p>Como conclusi\u00f3n dir\u00eda que el trabajo tanto de TTouch como de zoofarmacognosis nos ayuda a combatir las situaciones de estr\u00e9s, ansiedad etc.<\/p>\n","protected":false},"excerpt":{"rendered":"<p>El viaje de Charley hacia la zoofarmacognosis aplicada Seguimiento Rhodiola Complex La pausa consciente Los misterios de la orientaci\u00f3n Las fiestas, la pirotecnia y el estr\u00e9s \u00bfQu\u00e9 tienen en com\u00fan un cient\u00edfico ruso y un tr\u00edo de joyas herbales? Suplementos para los perros El poder de los ojos Gatita Mummy, demencia senil y Aconitum napellus  [&#8230;]<\/p>\n","protected":false},"author":1,"featured_media":0,"parent":0,"menu_order":0,"comment_status":"closed","ping_status":"closed","template":"","meta":{"footnotes":""},"class_list":["post-51","page","type-page","status-publish","hentry"],"_links":{"self":[{"href":"https:\/\/animalinharmony.com\/es\/wp-json\/wp\/v2\/pages\/51","targetHints":{"allow":["GET"]}}],"collection":[{"href":"https:\/\/animalinharmony.com\/es\/wp-json\/wp\/v2\/pages"}],"about":[{"href":"https:\/\/animalinharmony.com\/es\/wp-json\/wp\/v2\/types\/page"}],"author":[{"embeddable":true,"href":"https:\/\/animalinharmony.com\/es\/wp-json\/wp\/v2\/users\/1"}],"replies":[{"embeddable":true,"href":"https:\/\/animalinharmony.com\/es\/wp-json\/wp\/v2\/comments?post=51"}],"version-history":[{"count":57,"href":"https:\/\/animalinharmony.com\/es\/wp-json\/wp\/v2\/pages\/51\/revisions"}],"predecessor-version":[{"id":10986,"href":"https:\/\/animalinharmony.com\/es\/wp-json\/wp\/v2\/pages\/51\/revisions\/10986"}],"wp:attachment":[{"href":"https:\/\/animalinharmony.com\/es\/wp-json\/wp\/v2\/media?parent=51"}],"curies":[{"name":"wp","href":"https:\/\/api.w.org\/{rel}","templated":true}]}}