{"id":46,"date":"2016-08-28T11:53:16","date_gmt":"2016-08-28T09:53:16","guid":{"rendered":"http:\/\/animalinharmony.com\/?page_id=46&#038;lang=es"},"modified":"2023-08-18T16:23:48","modified_gmt":"2023-08-18T14:23:48","slug":"quienes-somos","status":"publish","type":"page","link":"https:\/\/animalinharmony.com\/es\/quienes-somos\/","title":{"rendered":"Quienes somos"},"content":{"rendered":"<p>Muchos animales han compartido mi vida a lo largo de los a\u00f1os &#8211; perros, gatos, un macho cabr\u00edo, gallinas, patos, p\u00e1jaros e incluso un buitre leonado. Muchas veces los animales llegan en busca de ayuda y se quedan s\u00f3lo hasta que puedan valerse por si mismos. Otras veces los animales que conviven con nosotros necesitan nuestro apoyo. As\u00ed fue c\u00f3mo empec\u00e9 a explorar varias terapias alternativas y naturales.<\/p>\n<p>Con anterioridad hab\u00eda estudiado aromaterapia para las personas, adem\u00e1s de reflexolog\u00eda y otros tratamientos. La homeopat\u00eda tambi\u00e9n ha jugado un papel determinante y protagonista Luego me cualifiqu\u00e9 como terapeuta de<a href=\"https:\/\/ttouch1.com\/es\/\"><strong> Tellington TTouch.<\/strong><\/a> Entonces llegu\u00e9 a cerrar el c\u00edrculo volviendo a los aceites esenciales y las plantas, pero esta vez espec\u00edficamente para los animales. Al descubrir esta ciencia, que es a la vez un arte, decid\u00ed estudiar para el diploma en zoofarmacognosis aplicada ya que me parec\u00eda que este m\u00e9todo de usar los extractos naturales complementaba perfectamente el trabajo de TTouch, permitiendo una amplia gama de posibilidades para el tratamiento de problemas tanto f\u00edsicos como mentales y emocionales que los animales dom\u00e9sticos han de afrontar a diario cuando comparten nuestra vida en un mundo cada vez m\u00e1s complejo y estresante.<\/p>\n<p>Uno de los aspectos m\u00e1s atractivos y a la vez fascinantes de este trabajo es que no forzamos al animal a aceptar ning\u00fan remedio sino que nos debemos dejar guiar por su elecci\u00f3n y sus necesidades. As\u00ed el animal tiene control sobre su propia salud.<\/p>\n<p>Ofrecemos los siguientes servicios:<\/p>\n<ul>\n<li>Consultas particulares de zoofarmacognosis para su mascota\n<ul>\n<li>En una consulta particular sus animales tendr\u00e1n la oportunidad de elegir de forma individualizada las sustancias que creen que necesitan en ese momento &#8211; aut\u00e9ntica medicina individualizada.<\/li>\n<\/ul>\n<\/li>\n<li>Seminarios sobre Zoofarmacognosis\n<ul>\n<li>Los seminarios comienzan con la introducci\u00f3n a la zoofarmacognosis donde los participantes aprenden lo fundamental de esta t\u00e9cnica y c\u00f3mo realizar una sesi\u00f3n.<\/li>\n<li>Los seminarios siguentes ofrecen la posibilidad de profundizar en este mundo tan fascinante, aprendiendo las propiedades de las sustancias que los animales eligen con mayor frecuencia para potenciar su bienestar f\u00edsico, mental y emocional.<\/li>\n<\/ul>\n<\/li>\n<li>Consultas particulares donde se ofrecen las t\u00e9cnicas de zoofarmacognosis junto con las del m\u00e9todo Tellington Touch\n<ul>\n<li>Como la zoofarmacognosis y Tellington TTouch se complementan a las mil maravillas, los clientes pueden elegir combinar ambas t\u00e9cnicas.<\/li>\n<\/ul>\n<\/li>\n<\/ul>\n<p>Para m\u00e1s informaci\u00f3n acerca del M\u00e9todo Tellington Touch, visite <a href=\"http:\/\/www.ttouch1.com\" target=\"_blank\" rel=\"noopener\">www.ttouch1.com<\/a>\/es\/<\/p>\n","protected":false},"excerpt":{"rendered":"<p>Muchos animales han compartido mi vida a lo largo de los a\u00f1os &#8211; perros, gatos, un macho cabr\u00edo, gallinas, patos, p\u00e1jaros e incluso un buitre leonado. Muchas veces los animales llegan en busca de ayuda y se quedan s\u00f3lo hasta que puedan valerse por si mismos. Otras veces los animales que conviven con nosotros necesitan  [&#8230;]<\/p>\n","protected":false},"author":1,"featured_media":0,"parent":0,"menu_order":0,"comment_status":"closed","ping_status":"closed","template":"","meta":{"footnotes":""},"class_list":["post-46","page","type-page","status-publish","hentry"],"_links":{"self":[{"href":"https:\/\/animalinharmony.com\/es\/wp-json\/wp\/v2\/pages\/46","targetHints":{"allow":["GET"]}}],"collection":[{"href":"https:\/\/animalinharmony.com\/es\/wp-json\/wp\/v2\/pages"}],"about":[{"href":"https:\/\/animalinharmony.com\/es\/wp-json\/wp\/v2\/types\/page"}],"author":[{"embeddable":true,"href":"https:\/\/animalinharmony.com\/es\/wp-json\/wp\/v2\/users\/1"}],"replies":[{"embeddable":true,"href":"https:\/\/animalinharmony.com\/es\/wp-json\/wp\/v2\/comments?post=46"}],"version-history":[{"count":6,"href":"https:\/\/animalinharmony.com\/es\/wp-json\/wp\/v2\/pages\/46\/revisions"}],"predecessor-version":[{"id":10521,"href":"https:\/\/animalinharmony.com\/es\/wp-json\/wp\/v2\/pages\/46\/revisions\/10521"}],"wp:attachment":[{"href":"https:\/\/animalinharmony.com\/es\/wp-json\/wp\/v2\/media?parent=46"}],"curies":[{"name":"wp","href":"https:\/\/api.w.org\/{rel}","templated":true}]}}