{"id":256,"date":"2016-11-10T02:51:19","date_gmt":"2016-11-10T01:51:19","guid":{"rendered":"http:\/\/animalinharmony.com\/es\/?page_id=256"},"modified":"2016-11-10T02:51:19","modified_gmt":"2016-11-10T01:51:19","slug":"preguntas-frecuentes","status":"publish","type":"page","link":"https:\/\/animalinharmony.com\/es\/preguntas-frecuentes\/","title":{"rendered":"Preguntas frecuentes"},"content":{"rendered":"<div class=\"fusion-fullwidth fullwidth-box fusion-builder-row-1 nonhundred-percent-fullwidth non-hundred-percent-height-scrolling\" style=\"--awb-border-radius-top-left:0px;--awb-border-radius-top-right:0px;--awb-border-radius-bottom-right:0px;--awb-border-radius-bottom-left:0px;--awb-padding-top:20px;--awb-padding-bottom:20px;--awb-flex-wrap:wrap;\" ><div class=\"fusion-builder-row fusion-row\"><div class=\"fusion-layout-column fusion_builder_column fusion-builder-column-0 fusion_builder_column_1_1 1_1 fusion-one-full fusion-column-first fusion-column-last\" style=\"--awb-bg-size:cover;\"><div class=\"fusion-column-wrapper fusion-flex-column-wrapper-legacy\"><style type=\"text\/css\">.fusion-faqs-wrapper #accordian-1 .fusion-panel { border-color:#e0dede; }.fusion-faqs-wrapper #accordian-1 .fusion-panel:hover{ border-color: #e0dede; }.fusion-accordian #accordian-1 .panel-title a .fa-fusion-box:before{ font-size: 13px;width: 13px;}.fusion-accordian #accordian-1 .panel-title a .fa-fusion-box{ color: #ffffff;}.fusion-accordian  #accordian-1 .panel-title a{font-family:\"Source Serif Pro\";font-style:normal;font-weight:400;}.fusion-accordian  #accordian-1 .panel-title a:not(:hover){}.fusion-accordian  #accordian-1 .toggle-content{font-family:\"Source Sans Pro\";font-style:normal;font-weight:400;}.fusion-accordian #accordian-1 .fa-fusion-box { background-color: #333333 !important;border-color: #333333 !important;}.fusion-accordian #accordian-1 .panel-title a:hover,.fusion-accordian #accordian-1 .panel-title a.hover { color: #66aa00;}.fusion-faq-shortcode .fusion-accordian #accordian-1 .fusion-toggle-boxed-mode:hover .panel-title a { color: #66aa00;}.fusion-accordian #accordian-1 .panel-title .active .fa-fusion-box,.fusion-accordian #accordian-1 .panel-title a:hover .fa-fusion-box,.fusion-accordian #accordian-1 .panel-title a.hover .fa-fusion-box { background-color: #66aa00!important;border-color: #66aa00!important;}<\/style><div class=\"fusion-faq-shortcode\" style=\"\"><div class=\"fusion-faqs-wrapper\"><div class=\"accordian fusion-accordian\"><div class=\"panel-group \" id=\"accordian-1\"><div class=\"fusion-panel panel-default fusion-faq-post fusion-faq-post-258 \"><span class=\"entry-title rich-snippet-hidden\">\u00bfQu\u00e9 es la zoofarmacognosis aplicada?<\/span><span class=\"vcard rich-snippet-hidden\"><span class=\"fn\"><a href=\"https:\/\/animalinharmony.com\/es\/author\/bshaw\/\" title=\"Entradas de Animal In Harmony\" rel=\"author\">Animal In Harmony<\/a><\/span><\/span><span class=\"updated rich-snippet-hidden\">2016-11-10T02:52:50+01:00<\/span><div class=\"panel-heading\"><h4 id=\"faq_1-258\" class=\"panel-title toggle\"><a data-toggle=\"collapse\" class=\"collapsed\" data-parent=\"#accordian-1\" data-target=\"#collapse-1-258\" href=\"#collapse-1-258\" aria-expanded=\"false\"><div class=\"fusion-toggle-icon-wrapper\"><div class=\"fusion-toggle-icon-wrapper-main\"><div class=\"fusion-toggle-icon-wrapper-sub\"><i class=\"fa-fusion-box active-icon awb-icon-minus\" aria-hidden=\"true\"><\/i><i class=\"fa-fusion-box inactive-icon awb-icon-plus\" aria-hidden=\"true\"><\/i><\/div><\/div><\/div><div class=\"fusion-toggle-heading\">\u00bfQu\u00e9 es la zoofarmacognosis aplicada?<\/div><\/a><\/h4><\/div><div id=\"collapse-1-258\" aria-labelledby=\"faq_1-258\" class=\"panel-collapse collapse\"><div class=\"panel-body toggle-content post-content\"><p>La zoofarmacognosis aplicada es un t\u00e9cnica que permite que los animales puedan realizar un comportamiento que ocurre de forma natural en la libertad &#8211; la automedicaci\u00f3n. Ofrecemos aceites, plantas y otras sustancias que los animales pueden elegir o rechazar libremente para mantener o recuperar su propia salud f\u00edsica, mental y emocional.<\/p>\n<\/div><\/div><\/div><div class=\"fusion-panel panel-default fusion-faq-post fusion-faq-post-251 \"><span class=\"entry-title rich-snippet-hidden\">\u00bfTodos los animales eligen las mismas sustancias?<\/span><span class=\"vcard rich-snippet-hidden\"><span class=\"fn\"><a href=\"https:\/\/animalinharmony.com\/es\/author\/bshaw\/\" title=\"Entradas de Animal In Harmony\" rel=\"author\">Animal In Harmony<\/a><\/span><\/span><span class=\"updated rich-snippet-hidden\">2016-11-10T02:35:15+01:00<\/span><div class=\"panel-heading\"><h4 id=\"faq_1-251\" class=\"panel-title toggle\"><a data-toggle=\"collapse\" class=\"collapsed\" data-parent=\"#accordian-1\" data-target=\"#collapse-1-251\" href=\"#collapse-1-251\" aria-expanded=\"false\"><div class=\"fusion-toggle-icon-wrapper\"><div class=\"fusion-toggle-icon-wrapper-main\"><div class=\"fusion-toggle-icon-wrapper-sub\"><i class=\"fa-fusion-box active-icon awb-icon-minus\" aria-hidden=\"true\"><\/i><i class=\"fa-fusion-box inactive-icon awb-icon-plus\" aria-hidden=\"true\"><\/i><\/div><\/div><\/div><div class=\"fusion-toggle-heading\">\u00bfTodos los animales eligen las mismas sustancias?<\/div><\/a><\/h4><\/div><div id=\"collapse-1-251\" aria-labelledby=\"faq_1-251\" class=\"panel-collapse collapse\"><div class=\"panel-body toggle-content post-content\"><p>Cada animal es un universo y elegir\u00e1 las sustancias que estime m\u00e1s oportundas en cada momento. Otro factor es la ubicaci\u00f3n geogr\u00e1fica. Normalmente los animales que viven en lugares donde el agua es \u00abdura\u00bb\u00a0 seleccionan la tiza con menos frecuencia que los que viven en zonas de aguas \u00abblandas\u00bb.<\/p>\n<\/div><\/div><\/div><div class=\"fusion-panel panel-default fusion-faq-post fusion-faq-post-247 \"><span class=\"entry-title rich-snippet-hidden\">\u00bfQu\u00e9 sustancias se utilizan en la zoofarmacognosis aplicada?<\/span><span class=\"vcard rich-snippet-hidden\"><span class=\"fn\"><a href=\"https:\/\/animalinharmony.com\/es\/author\/bshaw\/\" title=\"Entradas de Animal In Harmony\" rel=\"author\">Animal In Harmony<\/a><\/span><\/span><span class=\"updated rich-snippet-hidden\">2016-11-10T02:34:23+01:00<\/span><div class=\"panel-heading\"><h4 id=\"faq_1-247\" class=\"panel-title toggle\"><a data-toggle=\"collapse\" class=\"collapsed\" data-parent=\"#accordian-1\" data-target=\"#collapse-1-247\" href=\"#collapse-1-247\" aria-expanded=\"false\"><div class=\"fusion-toggle-icon-wrapper\"><div class=\"fusion-toggle-icon-wrapper-main\"><div class=\"fusion-toggle-icon-wrapper-sub\"><i class=\"fa-fusion-box active-icon awb-icon-minus\" aria-hidden=\"true\"><\/i><i class=\"fa-fusion-box inactive-icon awb-icon-plus\" aria-hidden=\"true\"><\/i><\/div><\/div><\/div><div class=\"fusion-toggle-heading\">\u00bfQu\u00e9 sustancias se utilizan en la zoofarmacognosis aplicada?<\/div><\/a><\/h4><\/div><div id=\"collapse-1-247\" aria-labelledby=\"faq_1-247\" class=\"panel-collapse collapse\"><div class=\"panel-body toggle-content post-content\"><p>Se emplea una amplia gama de sustancias, tales como:<\/p>\n<ul>\n<li>aceites esenciales<\/li>\n<li>aguas florales<\/li>\n<li>aceites macerados<\/li>\n<li>aceites vegetales de primera presi\u00f3n en fr\u00edo<\/li>\n<li>plantas secas<\/li>\n<li>plantas en polvo<\/li>\n<li>minerales<\/li>\n<\/ul>\n<\/div><\/div><\/div><div class=\"fusion-panel panel-default fusion-faq-post fusion-faq-post-260 \"><span class=\"entry-title rich-snippet-hidden\">\u00bfLa zoofarmacognosis se puede usar con todos los animales?<\/span><span class=\"vcard rich-snippet-hidden\"><span class=\"fn\"><a href=\"https:\/\/animalinharmony.com\/es\/author\/bshaw\/\" title=\"Entradas de Animal In Harmony\" rel=\"author\">Animal In Harmony<\/a><\/span><\/span><span class=\"updated rich-snippet-hidden\">2016-11-10T02:53:24+01:00<\/span><div class=\"panel-heading\"><h4 id=\"faq_1-260\" class=\"panel-title toggle\"><a data-toggle=\"collapse\" class=\"collapsed\" data-parent=\"#accordian-1\" data-target=\"#collapse-1-260\" href=\"#collapse-1-260\" aria-expanded=\"false\"><div class=\"fusion-toggle-icon-wrapper\"><div class=\"fusion-toggle-icon-wrapper-main\"><div class=\"fusion-toggle-icon-wrapper-sub\"><i class=\"fa-fusion-box active-icon awb-icon-minus\" aria-hidden=\"true\"><\/i><i class=\"fa-fusion-box inactive-icon awb-icon-plus\" aria-hidden=\"true\"><\/i><\/div><\/div><\/div><div class=\"fusion-toggle-heading\">\u00bfLa zoofarmacognosis se puede usar con todos los animales?<\/div><\/a><\/h4><\/div><div id=\"collapse-1-260\" aria-labelledby=\"faq_1-260\" class=\"panel-collapse collapse\"><div class=\"panel-body toggle-content post-content\"><p>Todos los animales, desde el m\u00e1s peque\u00f1o al m\u00e1s grande, independientemente de su especie, puede beneficiarse de la oportunidad de automedicarse seleccionando las sustancias que necesita.<\/p>\n<\/div><\/div><\/div><\/div><\/div><\/div><\/div><div class=\"fusion-clearfix\"><\/div><\/div><\/div><\/div><\/div>\n","protected":false},"excerpt":{"rendered":"","protected":false},"author":1,"featured_media":0,"parent":0,"menu_order":0,"comment_status":"closed","ping_status":"closed","template":"","meta":{"footnotes":""},"class_list":["post-256","page","type-page","status-publish","hentry"],"_links":{"self":[{"href":"https:\/\/animalinharmony.com\/es\/wp-json\/wp\/v2\/pages\/256","targetHints":{"allow":["GET"]}}],"collection":[{"href":"https:\/\/animalinharmony.com\/es\/wp-json\/wp\/v2\/pages"}],"about":[{"href":"https:\/\/animalinharmony.com\/es\/wp-json\/wp\/v2\/types\/page"}],"author":[{"embeddable":true,"href":"https:\/\/animalinharmony.com\/es\/wp-json\/wp\/v2\/users\/1"}],"replies":[{"embeddable":true,"href":"https:\/\/animalinharmony.com\/es\/wp-json\/wp\/v2\/comments?post=256"}],"version-history":[{"count":1,"href":"https:\/\/animalinharmony.com\/es\/wp-json\/wp\/v2\/pages\/256\/revisions"}],"predecessor-version":[{"id":257,"href":"https:\/\/animalinharmony.com\/es\/wp-json\/wp\/v2\/pages\/256\/revisions\/257"}],"wp:attachment":[{"href":"https:\/\/animalinharmony.com\/es\/wp-json\/wp\/v2\/media?parent=256"}],"curies":[{"name":"wp","href":"https:\/\/api.w.org\/{rel}","templated":true}]}}