{"id":1509,"date":"2019-04-07T17:07:26","date_gmt":"2019-04-07T15:07:26","guid":{"rendered":"https:\/\/animalinharmony.com\/?page_id=1509"},"modified":"2019-04-07T17:07:26","modified_gmt":"2019-04-07T15:07:26","slug":"consciente-o-corazon-que-no-ve-corazon-que-no-siente","status":"publish","type":"page","link":"https:\/\/animalinharmony.com\/es\/consciente-o-corazon-que-no-ve-corazon-que-no-siente\/","title":{"rendered":"\u00bfConsciente o &#8230; coraz\u00f3n que no ve, coraz\u00f3n que no siente?"},"content":{"rendered":"<p>\u00bfLas cosas siempre son como nosotros las imaginamos? Creo que no.<\/p>\n<p>Esta ma\u00f1ana fuimos a la playa con los perros. Al entrar en el pinar que bordea la playa vino corriendo hacia nosotros una hembra de labrador negra. La cola se mov\u00eda a una velocidad vertiginosa y parec\u00eda un h\u00e9lice. Clar\u00edsimamente buscaba a alguien. Llevaba un collar de cuero rojo pero sin chapa. Pensamos que talvez hubiese venido con un pescador y que lo ver\u00edamos sobre las rocas, pero cuando llegamos a la playa no hab\u00eda nadie sobre las rocas y la playa estaba desierta.<\/p>\n<p>Salud\u00f3 a los perros y nos sigui\u00f3, pero en seguida empez\u00f3 a entrar en el agua buscando algo, pero no se pod\u00eda adentrar mucho porque las olas eran grandes. Entonces nos dimos cuenta de que posiblemente fuese la perra de un surfista. \u00a0Mirando mar\u00a0 adentro, donde nac\u00edan las olas divisamos a dos surfistas. De hecho eran el sue\u00f1o de todo surfista, porque pod\u00edan estar sobre la tabla durante mucho tiempo. Seguramente uno de ellos era su due\u00f1o, pero si a nosotros nos hab\u00eda costado trabajo verlos, desde su perspectiva de ojo de labrador ser\u00eda imposible y eso era la causa de su gran preocupaci\u00f3n.<\/p>\n<p>Decid\u00ed intentar llamarle la atenci\u00f3n. Empec\u00e9 a agitar un pa\u00f1uelo rojo y a gritar, pero creo que no me habr\u00eda podido o\u00edr por el estruendo de las olas. Mientras tanto ella segu\u00eda entrando y saliendo del agua. Despu\u00e9s de alg\u00fan tiempo me di cuenta de que el surfista me hab\u00eda visto y empezaba a salir del agua. En cuanto lo vio, la perrita se puso muy contenta y empez\u00f3 a menear el rabo de manera sosegada. Se fue corriendo hacia \u00e9l claramente muy contenta de haberlo recuperado.<\/p>\n<p>Le expliqu\u00e9 que la perra hab\u00eda salido a la carretera y que mostraba un comportamiento muy ansioso. El joven nos dijo que ten\u00eda diez a\u00f1os y que ven\u00eda a la playa con \u00e9l desde los cuatro meses. Le dijimos que era evidente que estaba bien cuidada pero que quiz\u00e1s \u00e9l no se daba cuenta de que mientras \u00e9l hac\u00eda surf ella se preocupaba, porque no lo pod\u00eda ver. Al menos en esta ocasi\u00f3n hab\u00eda sido as\u00ed. Sugerimos que talvez en el futuro pod\u00eda dejar una toalla o una mantita para darle un punto de referencia.<\/p>\n<p>No quer\u00eda dejarla en su furgoneta. Entonces se me ocurri\u00f3 que si la dejase en el veh\u00edculo posiblemente estuviera m\u00e1s consciente del tiempo que se quedaba sola. Dej\u00e1ndola en la playa \u00e9l pensaba que as\u00ed estaba libre y que pod\u00eda correr y ba\u00f1arse como les gusta a los labradores, pero en el fondo este razonamiento se basa m\u00e1s en su propia zona de confort y no en la de la perrita. Claramente la quer\u00eda mucho y ella a \u00e9l, pero me pareci\u00f3 que \u00e9ste era un caso \u00a0t\u00edpico en que asumimos que todo est\u00e1 bien porque no vemos lo que ocurre. Al salir del agua \u00e9l la ver\u00eda feliz y contenta y creer\u00eda que hab\u00eda estado as\u00ed todo el rato y no se dar\u00eda cuenta de que mientras \u00e9l estaba fuera de su l\u00ednea de visi\u00f3n la perrita estaba preocupada y exhib\u00eda un comportamiento ansioso.<\/p>\n<p>\u00bfLa conversaci\u00f3n servir\u00e1 para cambiar las cosas en un futuro? No lo s\u00e9.<\/p>\n","protected":false},"excerpt":{"rendered":"<p>\u00bfLas cosas siempre son como nosotros las imaginamos? Creo que no. Esta ma\u00f1ana fuimos a la playa con los perros. Al entrar en el pinar que bordea la playa vino corriendo hacia nosotros una hembra de labrador negra. La cola se mov\u00eda a una velocidad vertiginosa y parec\u00eda un h\u00e9lice. Clar\u00edsimamente buscaba a alguien. Llevaba  [&#8230;]<\/p>\n","protected":false},"author":3,"featured_media":0,"parent":0,"menu_order":0,"comment_status":"closed","ping_status":"closed","template":"","meta":{"footnotes":""},"class_list":["post-1509","page","type-page","status-publish","hentry"],"_links":{"self":[{"href":"https:\/\/animalinharmony.com\/es\/wp-json\/wp\/v2\/pages\/1509","targetHints":{"allow":["GET"]}}],"collection":[{"href":"https:\/\/animalinharmony.com\/es\/wp-json\/wp\/v2\/pages"}],"about":[{"href":"https:\/\/animalinharmony.com\/es\/wp-json\/wp\/v2\/types\/page"}],"author":[{"embeddable":true,"href":"https:\/\/animalinharmony.com\/es\/wp-json\/wp\/v2\/users\/3"}],"replies":[{"embeddable":true,"href":"https:\/\/animalinharmony.com\/es\/wp-json\/wp\/v2\/comments?post=1509"}],"version-history":[{"count":1,"href":"https:\/\/animalinharmony.com\/es\/wp-json\/wp\/v2\/pages\/1509\/revisions"}],"predecessor-version":[{"id":1511,"href":"https:\/\/animalinharmony.com\/es\/wp-json\/wp\/v2\/pages\/1509\/revisions\/1511"}],"wp:attachment":[{"href":"https:\/\/animalinharmony.com\/es\/wp-json\/wp\/v2\/media?parent=1509"}],"curies":[{"name":"wp","href":"https:\/\/api.w.org\/{rel}","templated":true}]}}