{"id":1169,"date":"2018-12-11T22:30:49","date_gmt":"2018-12-11T21:30:49","guid":{"rendered":"https:\/\/animalinharmony.com\/cursos-presenciales\/"},"modified":"2018-12-11T22:30:49","modified_gmt":"2018-12-11T21:30:49","slug":"cursos-presenciales","status":"publish","type":"page","link":"https:\/\/animalinharmony.com\/es\/formacion\/cursos-presenciales\/","title":{"rendered":"Cursos Presenciales"},"content":{"rendered":"<p>Asistir a un curso presencial es sin duda una manera excelente de aprender. La teor\u00eda y la pr\u00e1ctica se conjugan perfectamente. Hasta la fecha hemos impartido cursos en la Argentina, Brasil, Eslovenia, Espa\u00f1a, Finlandia, Portugal y Uruguay.<\/p>\n<p>\u00a1Espero conocer a viejos amigos y hacer nuevos!<\/p>\n","protected":false},"excerpt":{"rendered":"<p>Asistir a un curso presencial es sin duda una manera excelente de aprender. La teor\u00eda y la pr\u00e1ctica se conjugan perfectamente. Hasta la fecha hemos impartido cursos en la Argentina, Brasil, Eslovenia, Espa\u00f1a, Finlandia, Portugal y Uruguay. \u00a1Espero conocer a viejos amigos y hacer nuevos!<\/p>\n","protected":false},"author":1,"featured_media":0,"parent":1168,"menu_order":0,"comment_status":"closed","ping_status":"closed","template":"","meta":{"footnotes":""},"class_list":["post-1169","page","type-page","status-publish","hentry"],"_links":{"self":[{"href":"https:\/\/animalinharmony.com\/es\/wp-json\/wp\/v2\/pages\/1169","targetHints":{"allow":["GET"]}}],"collection":[{"href":"https:\/\/animalinharmony.com\/es\/wp-json\/wp\/v2\/pages"}],"about":[{"href":"https:\/\/animalinharmony.com\/es\/wp-json\/wp\/v2\/types\/page"}],"author":[{"embeddable":true,"href":"https:\/\/animalinharmony.com\/es\/wp-json\/wp\/v2\/users\/1"}],"replies":[{"embeddable":true,"href":"https:\/\/animalinharmony.com\/es\/wp-json\/wp\/v2\/comments?post=1169"}],"version-history":[{"count":0,"href":"https:\/\/animalinharmony.com\/es\/wp-json\/wp\/v2\/pages\/1169\/revisions"}],"up":[{"embeddable":true,"href":"https:\/\/animalinharmony.com\/es\/wp-json\/wp\/v2\/pages\/1168"}],"wp:attachment":[{"href":"https:\/\/animalinharmony.com\/es\/wp-json\/wp\/v2\/media?parent=1169"}],"curies":[{"name":"wp","href":"https:\/\/api.w.org\/{rel}","templated":true}]}}