{"id":1167,"date":"2018-12-11T22:28:18","date_gmt":"2018-12-11T21:28:18","guid":{"rendered":"https:\/\/animalinharmony.com\/cursos-online\/"},"modified":"2020-07-11T15:14:04","modified_gmt":"2020-07-11T13:14:04","slug":"cursos-online","status":"publish","type":"page","link":"https:\/\/animalinharmony.com\/es\/formacion\/cursos-online\/","title":{"rendered":"Cursos Online"},"content":{"rendered":"\r\n<p>A veces no es posible asistir a un curso presencial, bien por la distancia o debido a las circunstancias personales en cada momento. Afortunadamente la tecnolog\u00eda moderna nos permite superar ese escollo. Nuestros cursos online est\u00e1n dise\u00f1ados para que las personas puedan adquirir nuevos conocimientos y ampliar sus competencias desde la comodidad de su casa.<\/p>\r\n\r\n\r\n\r\n<p>Cada estudiante puede trabajar a su propio ritmo y comprobar que los nuevos conocimientos han sido asimilados mediante los peque\u00f1os tests. Al completar el curso se recibir\u00e1 un certificado o diploma seg\u00fan las circunstancias.<\/p>\r\n\r\n\r\n\r\n<p>Se ofrece un apoyo personalizado en caso de necesidad, y al completar el curso los estudiantes pueden entrar en nuestra comunidad online donde se puede aclarar dudas y compartir experiencias. Saber que no estamos solos puede ayudar a fomentar nuestra autoconfianza para poner en pr\u00e1ctica los conocimientos reci\u00e9n adquiridos.<\/p>\r\n\r\n\r\n\r\n<p>Creo firmemente que para muchas personas \u00e9ste es el camino del futuro. Espero que disfruten de esta experiencia.<\/p>\r\n\r\n\r\n<hr class=\"wp-block-separator is-style-wide\" \/>\r\n\r\n\r\n<h1 class=\"wp-block-heading\">Curso de Certificaci\u00f3n Zoofarmacognosis<\/h1>\r\n\r\n\r\n\r\n<figure class=\"wp-block-image\"><img decoding=\"async\" width=\"1920\" height=\"1080\" class=\"wp-image-3786\" src=\"https:\/\/animalinharmony.com\/wp-content\/uploads\/oliver-1920x1080.jpg\" alt=\"\" srcset=\"https:\/\/animalinharmony.com\/wp-content\/uploads\/oliver-1920x1080-200x113.jpg 200w, https:\/\/animalinharmony.com\/wp-content\/uploads\/oliver-1920x1080-300x169.jpg 300w, https:\/\/animalinharmony.com\/wp-content\/uploads\/oliver-1920x1080-400x225.jpg 400w, https:\/\/animalinharmony.com\/wp-content\/uploads\/oliver-1920x1080-500x281.jpg 500w, https:\/\/animalinharmony.com\/wp-content\/uploads\/oliver-1920x1080-600x338.jpg 600w, https:\/\/animalinharmony.com\/wp-content\/uploads\/oliver-1920x1080-700x394.jpg 700w, https:\/\/animalinharmony.com\/wp-content\/uploads\/oliver-1920x1080-768x432.jpg 768w, https:\/\/animalinharmony.com\/wp-content\/uploads\/oliver-1920x1080-800x450.jpg 800w, https:\/\/animalinharmony.com\/wp-content\/uploads\/oliver-1920x1080-1024x576.jpg 1024w, https:\/\/animalinharmony.com\/wp-content\/uploads\/oliver-1920x1080-1200x675.jpg 1200w, https:\/\/animalinharmony.com\/wp-content\/uploads\/oliver-1920x1080.jpg 1920w\" sizes=\"(max-width: 1920px) 100vw, 1920px\" \/><\/figure>\r\n\r\n\r\n\r\n<p>Mi <strong>Curso de Certificaci\u00f3n en Zoofarmacognosis <\/strong>es un viaje de exploraci\u00f3n donde aprendemos c\u00f3mo los animales pueden automedicarse para reparar, mejorar y mantener su salud f\u00edsica, mental y emocional.\u00a0 <\/p>\r\n\r\n\r\n\r\n<p>\u00c9ste es un viaje fascinante durante el cual aprendemos a dejar de lado nuestras ideas preconcebidas y dejarnos guiar por los animales con los que estamos trabajando. No es tan f\u00e1cil a veces cuando estamos acostumbrados a decidir sobre cada aspecto de su vida: lo que comer\u00edan y cu\u00e1ndo; d\u00f3nde y con qui\u00e9n podr\u00e1n jugar o pasear, los cuidados veterinarios que necesitan &#8230;. Puede ser una curva de aprendizaje bastante empinada, pero nuestros animales nos lo agradecer\u00e1n si les damos la oportunidad de emplear su sabidur\u00eda innata para elegir lo que m\u00e1s les conviene.<\/p>\r\n\r\n\r\n\r\n<p>Espero que se unir\u00e1n a este viaje por el mundo de las plantas y los minerales durante el cual aprenderemos c\u00f3mo pueden ser beneficiosos para los animales.<\/p>\r\n\r\n\r\n\r\n<p>Para ver lo que este curso le puede ofrecer y c\u00f3mo puede ayudar a los animales que comparten nuestra vida,\u00a0<a href=\"https:\/\/animalinharmony.com\/wp-content\/uploads\/visitor-info.pdf\" target=\"_blank\" rel=\"noreferrer noopener\"><strong>haga clic aqu\u00ed!<\/strong><\/a><\/p>\r\n\r\n\r\n\r\n<p>Mary J. Rodriguez M.A. (Hons); Dip. Ed.; Dip IAZ;<\/p>\r\n\r\n\r\n\r\n<p>Terapeuta certificada de Tellington Touch\u00ae Senior Advanced<\/p>\r\n\r\n\r\n\r\n<div class=\"wp-block-button aligncenter\"><a class=\"wp-block-button__link\" href=\"https:\/\/animalinharmony.com\/es\/producto\/curso-de-certificacion-zoofarmacognosis\/\"><strong>\u00a1Inscr\u00edbase en este curso en l\u00ednea ahora!<\/strong><\/a><\/div>\r\n\r\n\r\n<hr class=\"wp-block-separator is-style-wide\" \/>\r\n\r\n\r\n<h2 class=\"wp-block-heading\">M\u00f3dulos del curso de certificaci\u00f3n de zoofarmacognosia<\/h2>\r\n\r\n\r\n\r\n<p>Alternativamente, puede tomar los 8 m\u00f3dulos del curso divididos en fragmentos de 2 m\u00f3dulos m\u00e1s manejables. Avance a su propio ritmo cuando haya completado los 2 m\u00f3dulos anteriores.<\/p>\r\n\r\n\r\n\r\n<div class=\"wp-block-columns has-2-columns is-layout-flex wp-container-core-columns-is-layout-9d6595d7 wp-block-columns-is-layout-flex\">\r\n<div class=\"wp-block-column is-layout-flow wp-block-column-is-layout-flow\"><div data-block-name=\"woocommerce\/featured-product\" data-edit-mode=\"false\" data-product-id=\"7650\" data-show-desc=\"false\" data-show-price=\"false\" class=\"wc-block-featured-product alignnone has-background-dim wp-block-woocommerce-featured-product\" style=\"min-height:500px;\"><div class=\"wc-block-featured-product__wrapper\"><div class=\"background-dim__overlay\" style=\"background-color: #000000\"><\/div><img decoding=\"async\" alt=\"Curso de Certificaci\u00f3n Zoofarmacognosis M\u00f3dulos 1 y 2\" class=\"wc-block-featured-product__background-image\" src=\"https:\/\/animalinharmony.com\/wp-content\/uploads\/oliver-1920x1080-1024x576.jpg\" style=\"object-fit: none;object-position: 50% 50%;\" \/><h2 class=\"wc-block-featured-product__title\">Curso de Certificaci\u00f3n Zoofarmacognosis M\u00f3dulos 1 y 2<\/h2><div class=\"wc-block-featured-product__inner-blocks\">\r\n\r\n\r\n<div class=\"wp-block-button aligncenter\"><a class=\"wp-block-button__link\" href=\"https:\/\/animalinharmony.com\/es\/producto\/curso-de-certificacion-zoofarmacognosis-modulos-1-y-2\/\"><strong>\u00a1Enl\u00edstate ahora!<\/strong><\/a><\/div>\r\n<\/div><\/div><\/div><\/div>\r\n\r\n\r\n\r\n<div class=\"wp-block-column is-layout-flow wp-block-column-is-layout-flow\"><div data-block-name=\"woocommerce\/featured-product\" data-edit-mode=\"false\" data-product-id=\"7656\" data-show-desc=\"false\" data-show-price=\"false\" class=\"wc-block-featured-product alignnone has-background-dim wp-block-woocommerce-featured-product\" style=\"min-height:500px;\"><div class=\"wc-block-featured-product__wrapper\"><div class=\"background-dim__overlay\" style=\"background-color: #000000\"><\/div><img decoding=\"async\" alt=\"Curso de Certificaci\u00f3n Zoofarmacognosis M\u00f3dulos 3 y 4\" class=\"wc-block-featured-product__background-image\" src=\"https:\/\/animalinharmony.com\/wp-content\/uploads\/oliver-1920x1080-1024x576.jpg\" style=\"object-fit: none;object-position: 50% 50%;\" \/><h2 class=\"wc-block-featured-product__title\">Curso de Certificaci\u00f3n Zoofarmacognosis M\u00f3dulos 3 y 4<\/h2><div class=\"wc-block-featured-product__inner-blocks\">\r\n\r\n\r\n<div class=\"wp-block-button aligncenter\"><a class=\"wp-block-button__link\" href=\"https:\/\/animalinharmony.com\/es\/producto\/curso-de-certificacion-zoofarmacognosis-modulos-3-y-4\/\"><strong>\u00a1Enl\u00edstate ahora!<\/strong><\/a><\/div>\r\n<\/div><\/div><\/div><\/div>\r\n<\/div>\r\n\r\n\r\n\r\n<div class=\"wp-block-columns has-2-columns is-layout-flex wp-container-core-columns-is-layout-9d6595d7 wp-block-columns-is-layout-flex\">\r\n<div class=\"wp-block-column is-layout-flow wp-block-column-is-layout-flow\"><div data-block-name=\"woocommerce\/featured-product\" data-edit-mode=\"false\" data-product-id=\"7654\" data-show-desc=\"false\" data-show-price=\"false\" class=\"wc-block-featured-product alignnone has-background-dim wp-block-woocommerce-featured-product\" style=\"min-height:500px;\"><div class=\"wc-block-featured-product__wrapper\"><div class=\"background-dim__overlay\" style=\"background-color: #000000\"><\/div><img decoding=\"async\" alt=\"Curso de Certificaci\u00f3n Zoofarmacognosis M\u00f3dulos 5 y 6\" class=\"wc-block-featured-product__background-image\" src=\"https:\/\/animalinharmony.com\/wp-content\/uploads\/oliver-1920x1080-1024x576.jpg\" style=\"object-fit: none;object-position: 50% 50%;\" \/><h2 class=\"wc-block-featured-product__title\">Curso de Certificaci\u00f3n Zoofarmacognosis M\u00f3dulos 5 y 6<\/h2><div class=\"wc-block-featured-product__inner-blocks\">\r\n\r\n\r\n<div class=\"wp-block-button aligncenter\"><a class=\"wp-block-button__link\" href=\"https:\/\/animalinharmony.com\/es\/producto\/curso-de-certificacion-zoofarmacognosis-modulos-3-y-4\/\"><strong>\u00a1Enl\u00edstate ahora!<\/strong><\/a><\/div>\r\n<\/div><\/div><\/div><\/div>\r\n\r\n\r\n\r\n<div class=\"wp-block-column is-layout-flow wp-block-column-is-layout-flow\"><div data-block-name=\"woocommerce\/featured-product\" data-edit-mode=\"false\" data-product-id=\"7655\" data-show-desc=\"false\" data-show-price=\"false\" class=\"wc-block-featured-product alignnone has-background-dim wp-block-woocommerce-featured-product\" style=\"min-height:500px;\"><div class=\"wc-block-featured-product__wrapper\"><div class=\"background-dim__overlay\" style=\"background-color: #000000\"><\/div><img decoding=\"async\" alt=\"Curso de Certificaci\u00f3n Zoofarmacognosis M\u00f3dulos 7 y 8\" class=\"wc-block-featured-product__background-image\" src=\"https:\/\/animalinharmony.com\/wp-content\/uploads\/oliver-1920x1080-1024x576.jpg\" style=\"object-fit: none;object-position: 50% 50%;\" \/><h2 class=\"wc-block-featured-product__title\">Curso de Certificaci\u00f3n Zoofarmacognosis M\u00f3dulos 7 y 8<\/h2><div class=\"wc-block-featured-product__inner-blocks\">\r\n\r\n\r\n<div class=\"wp-block-button aligncenter\"><a class=\"wp-block-button__link\" href=\"https:\/\/animalinharmony.com\/es\/producto\/curso-de-certificacion-zoofarmacognosis-modulos-7-y-8\/\"><strong>\u00a1Enl\u00edstate ahora!<\/strong><\/a><\/div>\r\n<\/div><\/div><\/div><\/div>\r\n<\/div>\r\n","protected":false},"excerpt":{"rendered":"<p>A veces no es posible asistir a un curso presencial, bien por la distancia o debido a las circunstancias personales en cada momento. Afortunadamente la tecnolog\u00eda moderna nos permite superar ese escollo. Nuestros cursos online est\u00e1n dise\u00f1ados para que las personas puedan adquirir nuevos conocimientos y ampliar sus competencias desde la comodidad de su casa.  [&#8230;]<\/p>\n","protected":false},"author":1,"featured_media":0,"parent":1168,"menu_order":0,"comment_status":"closed","ping_status":"closed","template":"","meta":{"footnotes":""},"class_list":["post-1167","page","type-page","status-publish","hentry"],"_links":{"self":[{"href":"https:\/\/animalinharmony.com\/es\/wp-json\/wp\/v2\/pages\/1167","targetHints":{"allow":["GET"]}}],"collection":[{"href":"https:\/\/animalinharmony.com\/es\/wp-json\/wp\/v2\/pages"}],"about":[{"href":"https:\/\/animalinharmony.com\/es\/wp-json\/wp\/v2\/types\/page"}],"author":[{"embeddable":true,"href":"https:\/\/animalinharmony.com\/es\/wp-json\/wp\/v2\/users\/1"}],"replies":[{"embeddable":true,"href":"https:\/\/animalinharmony.com\/es\/wp-json\/wp\/v2\/comments?post=1167"}],"version-history":[{"count":9,"href":"https:\/\/animalinharmony.com\/es\/wp-json\/wp\/v2\/pages\/1167\/revisions"}],"predecessor-version":[{"id":7688,"href":"https:\/\/animalinharmony.com\/es\/wp-json\/wp\/v2\/pages\/1167\/revisions\/7688"}],"up":[{"embeddable":true,"href":"https:\/\/animalinharmony.com\/es\/wp-json\/wp\/v2\/pages\/1168"}],"wp:attachment":[{"href":"https:\/\/animalinharmony.com\/es\/wp-json\/wp\/v2\/media?parent=1167"}],"curies":[{"name":"wp","href":"https:\/\/api.w.org\/{rel}","templated":true}]}}