{"id":1140,"date":"2018-12-03T17:19:18","date_gmt":"2018-12-03T16:19:18","guid":{"rendered":"https:\/\/animalinharmony.com\/webinars\/"},"modified":"2021-07-15T08:05:05","modified_gmt":"2021-07-15T06:05:05","slug":"webinars","status":"publish","type":"page","link":"https:\/\/animalinharmony.com\/es\/formacion\/webinars\/","title":{"rendered":"Webinarios"},"content":{"rendered":"<p>Los webinarios nacieron como respuesta directa para satisfacer las inquietudes y problemas de los estudiantes. Las circunstancias particulares de cada uno son diferentes y a veces nos encontramos con situaciones que parecen desbordarnos. A medida que los estudiantes mandaban la lista de temas que les interesaban, p.ej. ansiedad, reactividad, vivir en casa con m\u00faltiples animales etc., parec\u00eda claro que los webinars ofrec\u00edan la plataforma ideal.<\/p>\n<p>Aunque no se pueda asistir al webinario en directo, la grabaci\u00f3n estar\u00e1 disponible y se puede acceder a \u00e9l en cualquier momento. Durante los webinarios, y a veces despu\u00e9s, a los asistentes se les ocurren preguntas m\u00e1s espec\u00edficas. Intentamos responder a ellas bien en un webinario posterior o por escrito.<\/p>\n<h2 style=\"text-align: center;\"><strong>Webinarios Disponibles (pulsar para conectar)<br \/>\n<\/strong><\/h2>\n<h2><a href=\"https:\/\/www.youtube.com\/watch?v=ZKwc48kQbHw&amp;t=28s\">Zoofarmacognosis para gatos<\/a><\/h2>\n<p><span class=\"mb_text\">Esta charla fue organizada Amaya Esp\u00edndola, la veterinaria encargada de La Gatoteca, una organizaci\u00f3n muy original en Madrid\u00a0 donde las personas pueden acudir a pasar un rato entre gatos. Luego muchos gatos encuentran su hogar definitivo. A continuaci\u00f3n pongo la introducci\u00f3n escrita por Amaya:<br \/>\n<\/span><\/p>\n<p><span class=\"mb_text\">\u00abUn tema muy solicitado merece traer a una persona especial&#8230;<br \/>\nLa zoofarmacognosis se trata de perimitirle al animal automedicarse. Esto nos pone en una posici\u00f3n de observador y no de prescriptor, por ende es una forma de acercar a nuestros compa\u00f1eros peludos a la naturaleza.<\/span><\/p>\n<p>En esta charla organizada por <a href=\"https:\/\/www.facebook.com\/n\/?lagatoteca%2F&amp;aref=1589994056025482&amp;medium=email&amp;mid=5a6170d5182b8G5af3f10b2371G5a61756e7858aG52&amp;bcode=2.1589998086.AbwV1GGqLsmHaALtDWk&amp;n_m=mary%40ttouch1.com\">La Gatoteca<\/a> junto a <a href=\"https:\/\/www.facebook.com\/n\/?profile.php&amp;id=100003767591793&amp;aref=1589994056025482&amp;medium=email&amp;mid=5a6170d5182b8G5af3f10b2371G5a61756e7858aG52&amp;bcode=2.1589998086.AbwV1GGqLsmHaALtDWk&amp;n_m=mary%40ttouch1.com\">Mary Rodriguez<\/a>, especialista en Zoofarmacognosis Aplicada y Tellinton Touch, explicamos los detalles de esta maravillosa t\u00e9cnica.\u00bb<\/p>\n<h2><a href=\"https:\/\/youtu.be\/R1PDkQj6Wi0\">Miedo, Frustraci\u00f3n, Soledad y Tristeza en tiempos de confinamiento<\/a><\/h2>\n<p><img decoding=\"async\" class=\"size-medium wp-image-5902 alignleft\" src=\"https:\/\/animalinharmony.com\/wp-content\/uploads\/\/Screen-Shot-2020-04-23-at-15.14.29-300x228.png\" alt=\"\" width=\"300\" height=\"228\" srcset=\"https:\/\/animalinharmony.com\/wp-content\/uploads\/Screen-Shot-2020-04-23-at-15.14.29-200x152.png 200w, https:\/\/animalinharmony.com\/wp-content\/uploads\/Screen-Shot-2020-04-23-at-15.14.29-300x228.png 300w, https:\/\/animalinharmony.com\/wp-content\/uploads\/Screen-Shot-2020-04-23-at-15.14.29-400x304.png 400w, https:\/\/animalinharmony.com\/wp-content\/uploads\/Screen-Shot-2020-04-23-at-15.14.29-500x380.png 500w, https:\/\/animalinharmony.com\/wp-content\/uploads\/Screen-Shot-2020-04-23-at-15.14.29-600x456.png 600w, https:\/\/animalinharmony.com\/wp-content\/uploads\/Screen-Shot-2020-04-23-at-15.14.29-700x532.png 700w, https:\/\/animalinharmony.com\/wp-content\/uploads\/Screen-Shot-2020-04-23-at-15.14.29.png 724w\" sizes=\"(max-width: 300px) 100vw, 300px\" \/><\/p>\n<p>Este webinario es un poco excepcional en el sentido de que no se refiere espec\u00edficamente a problemas relacionados con los animales, sino m\u00e1s bien a las consecuencias que estamos sufriendo las personas por el prolongado per\u00edodo de confinamiento obligatorio. Es una situaci\u00f3n an\u00f3mala, y cada persona la est\u00e1 viviendo de manera distinta, pero espero que las t\u00e9cnicas propuestas pueden contribuir a alcanzar un mayor nivel de tranquilidad y serenidad mientra dure la \u00ablocura\u00bb colectiva.<\/p>\n<p>&nbsp;<\/p>\n<h2 style=\"text-align: left;\"><a href=\"https:\/\/youtu.be\/yDeWmnqdJhw\">Ansiedad y Zoofarmacognosis<\/a><\/h2>\n<p><a href=\"http:\/\/www.animalinharmony.com\/ansiedad-y-zoofarmacognosis-2\/\"><img decoding=\"async\" class=\"size-medium wp-image-1382 alignleft\" src=\"https:\/\/animalinharmony.com\/wp-content\/uploads\/\/Oliver-webinar-ansiedad-300x200.jpg\" alt=\"\" width=\"300\" height=\"200\" srcset=\"https:\/\/animalinharmony.com\/wp-content\/uploads\/Oliver-webinar-ansiedad-200x133.jpg 200w, https:\/\/animalinharmony.com\/wp-content\/uploads\/Oliver-webinar-ansiedad-300x200.jpg 300w, https:\/\/animalinharmony.com\/wp-content\/uploads\/Oliver-webinar-ansiedad-400x267.jpg 400w, https:\/\/animalinharmony.com\/wp-content\/uploads\/Oliver-webinar-ansiedad-500x333.jpg 500w, https:\/\/animalinharmony.com\/wp-content\/uploads\/Oliver-webinar-ansiedad-600x400.jpg 600w, https:\/\/animalinharmony.com\/wp-content\/uploads\/Oliver-webinar-ansiedad-700x467.jpg 700w, https:\/\/animalinharmony.com\/wp-content\/uploads\/Oliver-webinar-ansiedad-768x512.jpg 768w, https:\/\/animalinharmony.com\/wp-content\/uploads\/Oliver-webinar-ansiedad-800x533.jpg 800w, https:\/\/animalinharmony.com\/wp-content\/uploads\/Oliver-webinar-ansiedad-1024x682.jpg 1024w, https:\/\/animalinharmony.com\/wp-content\/uploads\/Oliver-webinar-ansiedad-1200x800.jpg 1200w, https:\/\/animalinharmony.com\/wp-content\/uploads\/Oliver-webinar-ansiedad.jpg 2000w\" sizes=\"(max-width: 300px) 100vw, 300px\" \/><\/a>En este webinario veremos qu\u00e9 es la ansiedad y los efectos, tanto fisiol\u00f3gicos como comportamentales, que\u00a0 puede tener sobre los animales que compartimos nuestra vida o con los que trabajamos. Luego examinamos las opciones que nos ofrece la zoofarmacognosis para ayudarnos a nosotros y a nuestras mascotas a encontrar respuestas para superar esta situaci\u00f3n tan estresante.<\/p>\n<p>&nbsp;<\/p>\n<h2 style=\"text-align: left;\"><a href=\"https:\/\/youtu.be\/f6zvU3cLeXw\">Reactividad: un enfoque integrador<\/a><\/h2>\n<div id=\"attachment_1425\" style=\"width: 310px\" class=\"wp-caption alignright\"><a href=\"http:\/\/www.animalinharmony.com\/la-reactividad\"><img decoding=\"async\" aria-describedby=\"caption-attachment-1425\" class=\"size-medium wp-image-1425\" src=\"https:\/\/animalinharmony.com\/wp-content\/uploads\/\/Reactividad-300x204.jpg\" alt=\"\" width=\"300\" height=\"204\" srcset=\"https:\/\/animalinharmony.com\/wp-content\/uploads\/Reactividad-200x136.jpg 200w, https:\/\/animalinharmony.com\/wp-content\/uploads\/Reactividad-300x204.jpg 300w, https:\/\/animalinharmony.com\/wp-content\/uploads\/Reactividad-400x272.jpg 400w, https:\/\/animalinharmony.com\/wp-content\/uploads\/Reactividad.jpg 429w\" sizes=\"(max-width: 300px) 100vw, 300px\" \/><\/a><p id=\"caption-attachment-1425\" class=\"wp-caption-text\">Hacia la calma&#8230;<\/p><\/div>\n<p>En este webinario abordaremos el tema de la reactividad en sus m\u00faltiples facetas, y examinaremos las diferentes maneras en que se puede manifestar en el comportamiento de los perros.\u00a0 Luego estudiaremos los recursos que nos ofrecen tanto Tellington TTouch como la zoofarmacognosis (adem\u00e1s de otras terapias) para facilitar una transici\u00f3n hacia la tranquilidad que permita a los animales descubrir otras respuestas m\u00e1s aceptables cuando se encuentran en situaciones dif\u00edciles.<\/p>\n","protected":false},"excerpt":{"rendered":"<p>Los webinarios nacieron como respuesta directa para satisfacer las inquietudes y problemas de los estudiantes. Las circunstancias particulares de cada uno son diferentes y a veces nos encontramos con situaciones que parecen desbordarnos. A medida que los estudiantes mandaban la lista de temas que les interesaban, p.ej. ansiedad, reactividad, vivir en casa con m\u00faltiples animales  [&#8230;]<\/p>\n","protected":false},"author":1,"featured_media":0,"parent":1168,"menu_order":0,"comment_status":"closed","ping_status":"closed","template":"","meta":{"footnotes":""},"class_list":["post-1140","page","type-page","status-publish","hentry"],"_links":{"self":[{"href":"https:\/\/animalinharmony.com\/es\/wp-json\/wp\/v2\/pages\/1140","targetHints":{"allow":["GET"]}}],"collection":[{"href":"https:\/\/animalinharmony.com\/es\/wp-json\/wp\/v2\/pages"}],"about":[{"href":"https:\/\/animalinharmony.com\/es\/wp-json\/wp\/v2\/types\/page"}],"author":[{"embeddable":true,"href":"https:\/\/animalinharmony.com\/es\/wp-json\/wp\/v2\/users\/1"}],"replies":[{"embeddable":true,"href":"https:\/\/animalinharmony.com\/es\/wp-json\/wp\/v2\/comments?post=1140"}],"version-history":[{"count":18,"href":"https:\/\/animalinharmony.com\/es\/wp-json\/wp\/v2\/pages\/1140\/revisions"}],"predecessor-version":[{"id":9311,"href":"https:\/\/animalinharmony.com\/es\/wp-json\/wp\/v2\/pages\/1140\/revisions\/9311"}],"up":[{"embeddable":true,"href":"https:\/\/animalinharmony.com\/es\/wp-json\/wp\/v2\/pages\/1168"}],"wp:attachment":[{"href":"https:\/\/animalinharmony.com\/es\/wp-json\/wp\/v2\/media?parent=1140"}],"curies":[{"name":"wp","href":"https:\/\/api.w.org\/{rel}","templated":true}]}}