{"id":112,"date":"2016-10-06T04:23:34","date_gmt":"2016-10-06T02:23:34","guid":{"rendered":"http:\/\/animalinharmony.com\/?page_id=112&#038;lang=es"},"modified":"2018-12-11T22:33:34","modified_gmt":"2018-12-11T21:33:34","slug":"cursos","status":"publish","type":"page","link":"https:\/\/animalinharmony.com\/es\/cursos\/","title":{"rendered":"Cursos"},"content":{"rendered":"<p>Este curso online le brinda la oportunidad de aventurarse en el mundo fascinante de la zoofarmacognosis aplicada. Aprender\u00e1 en qu\u00e9 consiste la automedicaci\u00f3n entre los animales, las propiedades de las sustancias que los animales suelen elegir para mantener y\/o recuperar su salud f\u00edsica, mental y emocional y c\u00f3mo realizar una sesi\u00f3n. Como sabemos todos, cualquier desequilibrio en estas \u00e1reas puede incidir directamente en el comportamiento. Con esta informaci\u00f3n se adquiere una nueva herramienta que puede aumentar el v\u00ednculo con los animales que comparten su vida.<\/p>\n<p>\u00a1Es una oportunidad que no debe perder!<\/p>\n<p><img decoding=\"async\" class=\"size-medium wp-image-981\" src=\"http:\/\/animalinharmony.com\/wp-content\/uploads\/Oliver-profile-web-1-300x200.jpg\" alt=\"Oliver\" width=\"300\" height=\"200\" srcset=\"https:\/\/animalinharmony.com\/wp-content\/uploads\/Oliver-profile-web-1-200x133.jpg 200w, https:\/\/animalinharmony.com\/wp-content\/uploads\/Oliver-profile-web-1-300x200.jpg 300w, https:\/\/animalinharmony.com\/wp-content\/uploads\/Oliver-profile-web-1-400x267.jpg 400w, https:\/\/animalinharmony.com\/wp-content\/uploads\/Oliver-profile-web-1-500x333.jpg 500w, https:\/\/animalinharmony.com\/wp-content\/uploads\/Oliver-profile-web-1-600x400.jpg 600w, https:\/\/animalinharmony.com\/wp-content\/uploads\/Oliver-profile-web-1-700x467.jpg 700w, https:\/\/animalinharmony.com\/wp-content\/uploads\/Oliver-profile-web-1-768x512.jpg 768w, https:\/\/animalinharmony.com\/wp-content\/uploads\/Oliver-profile-web-1-800x533.jpg 800w, https:\/\/animalinharmony.com\/wp-content\/uploads\/Oliver-profile-web-1-1024x682.jpg 1024w, https:\/\/animalinharmony.com\/wp-content\/uploads\/Oliver-profile-web-1-1200x800.jpg 1200w, https:\/\/animalinharmony.com\/wp-content\/uploads\/Oliver-profile-web-1.jpg 2000w\" sizes=\"(max-width: 300px) 100vw, 300px\" \/><br \/>\nOliver disfruta de su selecci\u00f3n.<\/p>\n<p><a href=\"https:\/\/www.agoracanina.com\/producto\/introduccion-a-la-zoofarmacognosis-como-se-automedican-los-animales\/?ref=4\">https:\/\/www.agoracanina.com\/producto\/introduccion-a-la-zoofarmacognosis-como-se-automedican-los-animales\/?ref=4<\/a><\/p>\n<hr \/>\n<h2>Cursos presenciales<\/h2>\n","protected":false},"excerpt":{"rendered":"<p>Este curso online le brinda la oportunidad de aventurarse en el mundo fascinante de la zoofarmacognosis aplicada. Aprender\u00e1 en qu\u00e9 consiste la automedicaci\u00f3n entre los animales, las propiedades de las sustancias que los animales suelen elegir para mantener y\/o recuperar su salud f\u00edsica, mental y emocional y c\u00f3mo realizar una sesi\u00f3n. Como sabemos todos, cualquier  [&#8230;]<\/p>\n","protected":false},"author":1,"featured_media":0,"parent":0,"menu_order":0,"comment_status":"closed","ping_status":"closed","template":"","meta":{"footnotes":""},"class_list":["post-112","page","type-page","status-publish","hentry"],"_links":{"self":[{"href":"https:\/\/animalinharmony.com\/es\/wp-json\/wp\/v2\/pages\/112","targetHints":{"allow":["GET"]}}],"collection":[{"href":"https:\/\/animalinharmony.com\/es\/wp-json\/wp\/v2\/pages"}],"about":[{"href":"https:\/\/animalinharmony.com\/es\/wp-json\/wp\/v2\/types\/page"}],"author":[{"embeddable":true,"href":"https:\/\/animalinharmony.com\/es\/wp-json\/wp\/v2\/users\/1"}],"replies":[{"embeddable":true,"href":"https:\/\/animalinharmony.com\/es\/wp-json\/wp\/v2\/comments?post=112"}],"version-history":[{"count":11,"href":"https:\/\/animalinharmony.com\/es\/wp-json\/wp\/v2\/pages\/112\/revisions"}],"predecessor-version":[{"id":1171,"href":"https:\/\/animalinharmony.com\/es\/wp-json\/wp\/v2\/pages\/112\/revisions\/1171"}],"wp:attachment":[{"href":"https:\/\/animalinharmony.com\/es\/wp-json\/wp\/v2\/media?parent=112"}],"curies":[{"name":"wp","href":"https:\/\/api.w.org\/{rel}","templated":true}]}}